{"id":745,"date":"2021-12-27T16:55:01","date_gmt":"2021-12-27T16:55:01","guid":{"rendered":"https:\/\/ritashimano.com\/?page_id=745"},"modified":"2021-12-27T16:55:01","modified_gmt":"2021-12-27T16:55:01","slug":"duelo-complicado","status":"publish","type":"page","link":"https:\/\/ritashimano.com\/index.php\/areas-de-intervencion\/duelo-2\/duelo-complicado\/","title":{"rendered":"Duelo Complicado"},"content":{"rendered":"\n<p><strong>E<\/strong>l individuo ha experimentado la muerte de un familiar hace al menos 12 meses.<\/p>\n\n\n\n<p>Desde el fallecimiento, ha experimentado al menos uno de los siguientes s\u00edntomas, casi diariamente o en grado intenso o perturbador:<\/p>\n\n\n\n<p>(a) anhelos perturbadores y fuertes por lo que se ha perdido (en los ni\u00f1os peque\u00f1os, el anhelo se puede expresar en el juego y la conducta, incluyendo la separaci\u00f3n-reuni\u00f3n con los cuidadores),<\/p>\n\n\n\n<p>(b) dolor intenso por la separaci\u00f3n,<\/p>\n\n\n\n<p>(c) preocupaci\u00f3n por el difunto, y<\/p>\n\n\n\n<p>(d) preocupaci\u00f3n por las circunstancias del fallecimiento (en los ni\u00f1os, esta preocupaci\u00f3n por la persona fallecida puede ser expresada a trav\u00e9s de los temas de juego y el comportamiento y se puede extender a la preocupaci\u00f3n por la posible muerte de otras personas cercanas a ellos).<\/p>\n\n\n\n<p>El dolor por la separaci\u00f3n: desde el fallecimiento, ha experimentado por lo menos seis de los siguientes s\u00edntomas, casi diariamente o en un grado intenso o perturbador:<\/p>\n\n\n\n<p>(a) dificultades marcadas para aceptar la muerte (en los ni\u00f1os, esto depende de la capacidad del ni\u00f1o para comprender el significado y la permanencia de la muerte),<\/p>\n\n\n\n<p>(b) aturdimiento,<\/p>\n\n\n\n<p>(c) dificultad para recodar positivamente al fallecido,<\/p>\n\n\n\n<p>(d) evaluaciones desadaptativas sobre uno mismo en relaci\u00f3n al difunto o la muerte (por ejemplo, sentimiento de culpa),<\/p>\n\n\n\n<p>(e) tristeza o ira, y<\/p>\n\n\n\n<p>(f) evitaci\u00f3n excesiva de recordatorios de la p\u00e9rdida (por ejemplo, la evitaci\u00f3n de las personas, lugares o situaciones relacionadas con el fallecido). Nota: en los ni\u00f1os, esto puede incluir la evitaci\u00f3n de pensamientos y sentimientos con respecto a la persona fallecida.<\/p>\n\n\n\n<p>Interrupci\u00f3n de la identidad social:<\/p>\n\n\n\n<p>(g) deseo de morir para estar con el fallecido,<\/p>\n\n\n\n<p>(h) dificultad para confiar en los otros,<\/p>\n\n\n\n<p>(i) sentirse solo,<\/p>\n\n\n\n<p>(j) sentir que la vida no tiene sentido,<\/p>\n\n\n\n<p>(k) confusi\u00f3n sobre su propia identidad o papel en su vida, y<\/p>\n\n\n\n<p>(l) dificultad o reticencia para marcarse metas futuras.<\/p>\n\n\n\n<p>La alteraci\u00f3n provoca malestar cl\u00ednicamente significativo o deterioro en las \u00e1reas social, ocupacional o de otro tipo de funcionamiento.<\/p>\n\n\n\n<p>La reacci\u00f3n de duelo debe ser desproporcionada o no acorde con las normas culturales, religiosas o adecuadas a la edad.<\/p>\n\n\n\n<p>Especificar si: <\/p>\n\n\n\n<p>Con duelo traum\u00e1tico: posterior a una muerte que ocurri\u00f3 bajo circunstancias traum\u00e1ticas (por ejemplo, el homicidio, el suicidio, el desastre o accidente), hay pensamientos persistentes, frecuentes y angustiantes, im\u00e1genes o sentimientos relacionados con las caracter\u00edsticas traum\u00e1ticas de la muerte (por ejemplo, el difunto grado de sufrimiento, lesi\u00f3n horrible, la culpa o la de los otros para la muerte), incluso en respuesta a los recordatorios de la p\u00e9rdida.<\/p>\n\n\n\n<p>Referencias<\/p>\n\n\n\n<p>Barreto, P., de la Torre, O., &amp; P\u00e9rez-Mar\u00edn, M. (2012). Detecci\u00f3n de duelo complicado.\u00a0<em>Psicooncolog\u00eda<\/em>,\u00a0<em>9<\/em>(2\/3), 355.<\/p>\n","protected":false},"excerpt":{"rendered":"<p>El individuo ha experimentado la muerte de un familiar hace al menos 12 meses. Desde el fallecimiento, ha experimentado al menos uno de los siguientes &hellip; <\/p>\n","protected":false},"author":1,"featured_media":0,"parent":124,"menu_order":0,"comment_status":"closed","ping_status":"closed","template":"","meta":{"footnotes":""},"class_list":["post-745","page","type-page","status-publish","hentry","latest_post"],"_links":{"self":[{"href":"https:\/\/ritashimano.com\/index.php\/wp-json\/wp\/v2\/pages\/745","targetHints":{"allow":["GET"]}}],"collection":[{"href":"https:\/\/ritashimano.com\/index.php\/wp-json\/wp\/v2\/pages"}],"about":[{"href":"https:\/\/ritashimano.com\/index.php\/wp-json\/wp\/v2\/types\/page"}],"author":[{"embeddable":true,"href":"https:\/\/ritashimano.com\/index.php\/wp-json\/wp\/v2\/users\/1"}],"replies":[{"embeddable":true,"href":"https:\/\/ritashimano.com\/index.php\/wp-json\/wp\/v2\/comments?post=745"}],"version-history":[{"count":1,"href":"https:\/\/ritashimano.com\/index.php\/wp-json\/wp\/v2\/pages\/745\/revisions"}],"predecessor-version":[{"id":746,"href":"https:\/\/ritashimano.com\/index.php\/wp-json\/wp\/v2\/pages\/745\/revisions\/746"}],"up":[{"embeddable":true,"href":"https:\/\/ritashimano.com\/index.php\/wp-json\/wp\/v2\/pages\/124"}],"wp:attachment":[{"href":"https:\/\/ritashimano.com\/index.php\/wp-json\/wp\/v2\/media?parent=745"}],"curies":[{"name":"wp","href":"https:\/\/api.w.org\/{rel}","templated":true}]}}