{"id":58,"date":"2021-12-06T18:59:55","date_gmt":"2021-12-06T18:59:55","guid":{"rendered":"https:\/\/ritashimano.com\/?page_id=58"},"modified":"2021-12-28T15:32:25","modified_gmt":"2021-12-28T15:32:25","slug":"psicologa-online","status":"publish","type":"page","link":"https:\/\/ritashimano.com\/index.php\/psicologa-online\/","title":{"rendered":"Psic\u00f3loga online"},"content":{"rendered":"\n<p>La posibilidad de realizar la consulta en formato online, ofrece al usuario una serie de&nbsp;<strong>ventajas y comodidades<\/strong>&nbsp;importantes que han fomentado que este servicio <strong>se utilice cada vez m\u00e1s<\/strong>.<\/p>\n\n\n\n<p>Es importante saber a pesar de no ser presencial, en ning\u00fan momento la atenci\u00f3n psicol\u00f3gica disminuye su efectividad: la&nbsp;<strong>eficacia de la terapia online&nbsp;<\/strong>se llevan investigando desde al menos dos d\u00e9cadas en diversas problem\u00e1ticas (ansiedad, estr\u00e9s, depresi\u00f3n, fobias, adicciones, trastornos de alimentaci\u00f3n, s\u00edntomas psicosom\u00e1ticos, prevenci\u00f3n del suicidio, duelo, trauma, insomnio, etc.) demostr\u00e1ndo que es <strong>igual de eficaz que la terapia presencial<\/strong>. <\/p>\n\n\n\n<p>Las ventajas que la terapia online tienen que ver con una mayor&nbsp;<strong>accesibilidad<\/strong>, ya que no existe el problema de la distancia, y adem\u00e1s, al no ser necesario el desplazamiento, tambi\u00e9n hay una mayor<strong>&nbsp;flexibilidad horaria<\/strong>. Por otro lado, para muchos resulta m\u00e1s&nbsp;<strong>c\u00f3modo<\/strong>&nbsp;atender a la consulta desde su casa, donde tienen una mayor sensaci\u00f3n de<strong>&nbsp;intimidad y anonimato<\/strong>.<\/p>\n\n\n\n<p>A pesar de que algunos son cr\u00edticos y alegan una posible p\u00e9rdida de la&nbsp;<strong>calidez<\/strong>&nbsp;frente al contacto presencial o la falta de informaci\u00f3n por no poder observar la totalidad del&nbsp;<strong>lenguaje no verbal<\/strong>&nbsp;(postural, proximal, gestual, etc.), estos&nbsp;<strong>no son impedimentos para que se cree una alianza terap\u00e9utica adecuada<\/strong> o para que exista un flujo de informaci\u00f3n satisfactorio entre el psic\u00f3logo y el usuario.<\/p>\n\n\n\n<p>A d\u00eda de hoy el formato de terapia online es una opci\u00f3n que cada vez va siendo m\u00e1s aceptada por el usuario, que ofrece la atenci\u00f3n de un profesional de la psicolog\u00eda de un modo m\u00e1s accesible y c\u00f3modo.<\/p>\n\n\n\n<p>No obstante, y para aquellos para quienes sea posible y lo deseen, tambi\u00e9n existe la posibilidad de realizar la consulta en formato <a href=\"https:\/\/ritashimano.com\/index.php\/consulta-presencial\/\" data-type=\"page\" data-id=\"446\">presencial<\/a> y <a href=\"https:\/\/ritashimano.com\/index.php\/consulta-telefonica\/\" data-type=\"page\" data-id=\"473\">telef\u00f3nico<\/a>. <\/p>\n\n\n<p>\u00a0<\/p>\n<p>\u00a0<\/p>\n\n\n<p>Referencias<\/p>\n\n\n\n<p>Barak, A., Hen, L., Boniel-Nissim, M., &amp; Shapira, N. A. (2008). A comprehensive review and a meta-analysis of the effectiveness of internet-based psychotherapeutic interventions.&nbsp;<em>Journal of Technology in Human services<\/em>,&nbsp;<em>26<\/em>(2-4), 109-160.<\/p>\n\n\n\n<p>Cook, J. E., &amp; Doyle, C. (2002). Working alliance in online therapy as compared to face-to-face therapy: Preliminary results.&nbsp;<em>CyberPsychology &amp; Behavior<\/em>,&nbsp;<em>5<\/em>(2), 95-105.<\/p>\n\n\n\n<p>Donkin, L., Christensen, H., Naismith, S. L., Neal, B., Hickie, I. B., &amp; Glozier, N. (2011). A systematic review of the impact of adherence on the effectiveness of e-therapies.&nbsp;<em>Journal of medical Internet research<\/em>,&nbsp;<em>13<\/em>(3), e52.<\/p>\n\n\n\n<p>Gratzer, D. y Khalid-Khan, F. (2016). Internet-delivered cognitive behavioural therapy in the treatment of psychiatric illness. CMAJ, 188(4) pp. 263 \u2013 272.<\/p>\n\n\n\n<p>Gonz\u00e1lez-Pe\u00f1a, P., Torres, R., Del Barrio, V., y Olmedo, M. (2017). Uso de la tecnolog\u00eda en la pr\u00e1ctica psicol\u00f3gica en Espa\u00f1a. Infocop.<\/p>\n\n\n\n<p>Hadjistavropoulos, H. D., Schneider, L. H., Hadjistavropoulos, T., Titov, N., &amp; Dear, B. F. (2018). Effectiveness, acceptability and feasibility of an Internet-delivered cognitive behavioral pain management program in a routine online therapy clinic in Canada.&nbsp;<em>Canadian Journal of Pain<\/em>,&nbsp;<em>2<\/em>(1), 62-73.<\/p>\n\n\n\n<p>Rochlen, A. B., Zack, J. S., &amp; Speyer, C. (2004). Online therapy: Review of relevant definitions, debates, and current empirical support.&nbsp;<em>Journal of clinical psychology<\/em>,&nbsp;<em>60<\/em>(3), 269-283.<\/p>\n\n\n\n<p>Ruwaard, J., Lange, A., Schrieken, B., Dolan, C. V., &amp; Emmelkamp, P. (2012). The effectiveness of online cognitive behavioral treatment in routine clinical practice.&nbsp;<em>PLoS one<\/em>,&nbsp;<em>7<\/em>(7), e40089.<\/p>\n\n\n\n<p>Ruwaard, J., Lange, A., Schrieken, B., &amp; Emmelkamp, P. (2011). Efficacy and effectiveness of online cognitive behavioral treatment: a decade of interapy research.&nbsp;<em>Annual Review of Cybertherapy and Telemedicine 2011<\/em>, 9-14.<\/p>\n","protected":false},"excerpt":{"rendered":"<p>La posibilidad de realizar la consulta en formato online, ofrece al usuario una serie de&nbsp;ventajas y comodidades&nbsp;importantes que han fomentado que este servicio se utilice &hellip; <\/p>\n","protected":false},"author":1,"featured_media":0,"parent":0,"menu_order":0,"comment_status":"closed","ping_status":"closed","template":"","meta":{"footnotes":""},"class_list":["post-58","page","type-page","status-publish","hentry","latest_post"],"_links":{"self":[{"href":"https:\/\/ritashimano.com\/index.php\/wp-json\/wp\/v2\/pages\/58","targetHints":{"allow":["GET"]}}],"collection":[{"href":"https:\/\/ritashimano.com\/index.php\/wp-json\/wp\/v2\/pages"}],"about":[{"href":"https:\/\/ritashimano.com\/index.php\/wp-json\/wp\/v2\/types\/page"}],"author":[{"embeddable":true,"href":"https:\/\/ritashimano.com\/index.php\/wp-json\/wp\/v2\/users\/1"}],"replies":[{"embeddable":true,"href":"https:\/\/ritashimano.com\/index.php\/wp-json\/wp\/v2\/comments?post=58"}],"version-history":[{"count":5,"href":"https:\/\/ritashimano.com\/index.php\/wp-json\/wp\/v2\/pages\/58\/revisions"}],"predecessor-version":[{"id":785,"href":"https:\/\/ritashimano.com\/index.php\/wp-json\/wp\/v2\/pages\/58\/revisions\/785"}],"wp:attachment":[{"href":"https:\/\/ritashimano.com\/index.php\/wp-json\/wp\/v2\/media?parent=58"}],"curies":[{"name":"wp","href":"https:\/\/api.w.org\/{rel}","templated":true}]}}