{"id":473,"date":"2021-12-15T00:22:27","date_gmt":"2021-12-15T00:22:27","guid":{"rendered":"https:\/\/ritashimano.com\/?page_id=473"},"modified":"2023-04-20T22:17:31","modified_gmt":"2023-04-20T22:17:31","slug":"consulta-telefonica","status":"publish","type":"page","link":"https:\/\/ritashimano.com\/index.php\/consulta-telefonica\/","title":{"rendered":"Consulta Telef\u00f3nica"},"content":{"rendered":"\n<p>La terapia telef\u00f3nica es una forma efectiva y conveniente de recibir tratamiento psicol\u00f3gico a distancia. Esta modalidad de terapia es cada vez m\u00e1s popular debido a su comodidad y accesibilidad, ya que permite a los usuarios recibir tratamiento desde cualquier lugar y en cualquier momento.<\/p>\n\n\n\n<p>La terapia telef\u00f3nica se basa en los mismos principios y t\u00e9cnicas que la terapia tradicional en persona. El usuario y el psic\u00f3logo trabajar\u00e1n juntos para identificar las dificultades emocionales y psicol\u00f3gicas a los que el usuario se enfrenta, y crear\u00e1n un plan de tratamiento personalizado para abordarlos. A trav\u00e9s de la comunicaci\u00f3n telef\u00f3nica, el psic\u00f3logo ayudar\u00e1 al usuario a explorar sus pensamientos, sentimientos y comportamientos, proporcionando herramientas y habilidades para mejorar su bienestar.<\/p>\n\n\n\n<p>Una de las ventajas de la terapia telef\u00f3nica es que permite a los usuarios superar barreras geogr\u00e1ficas y de movilidad, lo que significa que pueden recibir atenci\u00f3n psicol\u00f3gica sin tener que desplazarse. Adem\u00e1s, este formato de terapia es una opci\u00f3n ideal para aquellos que tienen horarios complicados o que prefieren la privacidad y la comodidad de recibir tratamiento desde su casa.<\/p>\n","protected":false},"excerpt":{"rendered":"<p>La terapia telef\u00f3nica es una forma efectiva y conveniente de recibir tratamiento psicol\u00f3gico a distancia. Esta modalidad de terapia es cada vez m\u00e1s popular debido &hellip; <\/p>\n","protected":false},"author":1,"featured_media":0,"parent":0,"menu_order":0,"comment_status":"closed","ping_status":"closed","template":"","meta":{"footnotes":""},"class_list":["post-473","page","type-page","status-publish","hentry","latest_post"],"_links":{"self":[{"href":"https:\/\/ritashimano.com\/index.php\/wp-json\/wp\/v2\/pages\/473","targetHints":{"allow":["GET"]}}],"collection":[{"href":"https:\/\/ritashimano.com\/index.php\/wp-json\/wp\/v2\/pages"}],"about":[{"href":"https:\/\/ritashimano.com\/index.php\/wp-json\/wp\/v2\/types\/page"}],"author":[{"embeddable":true,"href":"https:\/\/ritashimano.com\/index.php\/wp-json\/wp\/v2\/users\/1"}],"replies":[{"embeddable":true,"href":"https:\/\/ritashimano.com\/index.php\/wp-json\/wp\/v2\/comments?post=473"}],"version-history":[{"count":4,"href":"https:\/\/ritashimano.com\/index.php\/wp-json\/wp\/v2\/pages\/473\/revisions"}],"predecessor-version":[{"id":940,"href":"https:\/\/ritashimano.com\/index.php\/wp-json\/wp\/v2\/pages\/473\/revisions\/940"}],"wp:attachment":[{"href":"https:\/\/ritashimano.com\/index.php\/wp-json\/wp\/v2\/media?parent=473"}],"curies":[{"name":"wp","href":"https:\/\/api.w.org\/{rel}","templated":true}]}}