{"id":446,"date":"2021-12-14T22:43:58","date_gmt":"2021-12-14T22:43:58","guid":{"rendered":"https:\/\/ritashimano.com\/?page_id=446"},"modified":"2023-11-12T19:46:03","modified_gmt":"2023-11-12T19:46:03","slug":"consulta-presencial","status":"publish","type":"page","link":"https:\/\/ritashimano.com\/index.php\/consulta-presencial\/","title":{"rendered":"Consulta Presencial"},"content":{"rendered":"\n<p>La consulta presencial se realiza en Madrid, en la calle Fern\u00e1ndez de los R\u00edos 87, en el centro Crecer en la P\u00e9rdida, dado de alta en el Registro de Centros, Servicios y Establecimientos Sanitarios (Consejer\u00eda de Sanidad de la Comunidad de Madrid).<\/p>\n\n\n\n<div style=\"height:10px\" aria-hidden=\"true\" class=\"wp-block-spacer\"><\/div>\n\n\n\n<figure class=\"wp-block-image size-large\"><img fetchpriority=\"high\" decoding=\"async\" width=\"1024\" height=\"336\" src=\"https:\/\/ritashimano.com\/wp-content\/uploads\/2023\/11\/despacho-psicologo-1024x336.jpg\" alt=\"\" class=\"wp-image-998\" srcset=\"https:\/\/ritashimano.com\/wp-content\/uploads\/2023\/11\/despacho-psicologo-1024x336.jpg 1024w, https:\/\/ritashimano.com\/wp-content\/uploads\/2023\/11\/despacho-psicologo-300x99.jpg 300w, https:\/\/ritashimano.com\/wp-content\/uploads\/2023\/11\/despacho-psicologo-768x252.jpg 768w, https:\/\/ritashimano.com\/wp-content\/uploads\/2023\/11\/despacho-psicologo-1536x505.jpg 1536w, https:\/\/ritashimano.com\/wp-content\/uploads\/2023\/11\/despacho-psicologo-2048x673.jpg 2048w, https:\/\/ritashimano.com\/wp-content\/uploads\/2023\/11\/despacho-psicologo-183x60.jpg 183w\" sizes=\"(max-width: 1024px) 100vw, 1024px\" \/><\/figure>\n\n\n\n<div style=\"height:10px\" aria-hidden=\"true\" class=\"wp-block-spacer\"><\/div>\n\n\n\n<p>Si de todas formas prefieres concertar una cita <a href=\"https:\/\/ritashimano.com\/index.php\/consulta-online\/\" data-type=\"page\" data-id=\"448\">online<\/a>, y quieres informaci\u00f3n sobre c\u00f3mo hacerlo, puedes ponerte en contacto conmigo a trav\u00e9s de este <a href=\"https:\/\/ritashimano.com\/index.php\/contacto\/\" data-type=\"page\" data-id=\"12\">enlace<\/a>. <\/p>\n\n\n\n<p><\/p>\n","protected":false},"excerpt":{"rendered":"<p>La consulta presencial se realiza en Madrid, en la calle Fern\u00e1ndez de los R\u00edos 87, en el centro Crecer en la P\u00e9rdida, dado de alta &hellip; <\/p>\n","protected":false},"author":1,"featured_media":0,"parent":0,"menu_order":0,"comment_status":"closed","ping_status":"closed","template":"","meta":{"footnotes":""},"class_list":["post-446","page","type-page","status-publish","hentry","latest_post"],"_links":{"self":[{"href":"https:\/\/ritashimano.com\/index.php\/wp-json\/wp\/v2\/pages\/446","targetHints":{"allow":["GET"]}}],"collection":[{"href":"https:\/\/ritashimano.com\/index.php\/wp-json\/wp\/v2\/pages"}],"about":[{"href":"https:\/\/ritashimano.com\/index.php\/wp-json\/wp\/v2\/types\/page"}],"author":[{"embeddable":true,"href":"https:\/\/ritashimano.com\/index.php\/wp-json\/wp\/v2\/users\/1"}],"replies":[{"embeddable":true,"href":"https:\/\/ritashimano.com\/index.php\/wp-json\/wp\/v2\/comments?post=446"}],"version-history":[{"count":8,"href":"https:\/\/ritashimano.com\/index.php\/wp-json\/wp\/v2\/pages\/446\/revisions"}],"predecessor-version":[{"id":999,"href":"https:\/\/ritashimano.com\/index.php\/wp-json\/wp\/v2\/pages\/446\/revisions\/999"}],"wp:attachment":[{"href":"https:\/\/ritashimano.com\/index.php\/wp-json\/wp\/v2\/media?parent=446"}],"curies":[{"name":"wp","href":"https:\/\/api.w.org\/{rel}","templated":true}]}}