{"id":326,"date":"2021-12-13T00:18:01","date_gmt":"2021-12-13T00:18:01","guid":{"rendered":"https:\/\/ritashimano.com\/?page_id=326"},"modified":"2021-12-28T17:21:36","modified_gmt":"2021-12-28T17:21:36","slug":"tratamiento-psicologico","status":"publish","type":"page","link":"https:\/\/ritashimano.com\/index.php\/tratamiento-psicologico\/","title":{"rendered":"Tratamiento Psicol\u00f3gico"},"content":{"rendered":"\n<p>Un tratamiento psicol\u00f3gico es una intervenci\u00f3n para\u00a0<strong>mejorar nuestro bienestar y calidad de vida\u00a0<\/strong>modificando comportamientos, creencias y pensamientos que nos perjudican o generan malestar, gestionando correctamente las emociones y\/o mejorando nuestras habilidades sociales.<\/p>\n\n\n\n<div style=\"height:9px\" aria-hidden=\"true\" class=\"wp-block-spacer\"><\/div>\n\n\n\n<h3 class=\"wp-block-heading\">&nbsp;\u00bfQu\u00e9 se Puede Esperar del Tratamiento Psicol\u00f3gico?<\/h3>\n\n\n\n<p>A trav\u00e9s del tratamiento psicol\u00f3gico se&nbsp;<strong>propone al usuario<\/strong>&nbsp;encontrar una soluci\u00f3n a sus dificultades a&nbsp;trav\u00e9s de un&nbsp;<strong>cambio<\/strong>&nbsp;que le ayude a comprenderse mejor a s\u00ed mismo y a los dem\u00e1s y en el que:<\/p>\n\n\n\n<p>1. Descubra su&nbsp;<strong>identidad<\/strong>, sus<strong>&nbsp;metas<\/strong>&nbsp;y objetivos personales<\/p>\n\n\n\n<p>2. Identifique los aspectos de su vida&nbsp;<strong>que desea modificar<\/strong>&nbsp;<\/p>\n\n\n\n<p>3. Trabaje con sus emociones y recuerdos&nbsp;<strong>desde la realidad<\/strong>&nbsp;y no desde el sufrimiento<\/p>\n\n\n\n<div style=\"height:9px\" aria-hidden=\"true\" class=\"wp-block-spacer\"><\/div>\n\n\n\n<h3 class=\"wp-block-heading\">\u00bfQu\u00e9 Esperar de los Profesionales?<\/h3>\n\n\n\n<p>El proceso se desarrolla junto a un psic\u00f3logo especializado, cuyo objetivo es crear un ambiente de&nbsp;<strong>comprensi\u00f3n, respeto, seguridad y confidencialidad; favoreciendo as\u00ed la aceptaci\u00f3n, la autenticidad y el crecimiento<\/strong>.<\/p>\n\n\n\n<p>La formaci\u00f3n de los profesionales se refiere a la&nbsp;<strong>psicolog\u00eda como ciencia<\/strong>, lo que significa que existe un respaldo te\u00f3rico y una validaci\u00f3n experimental que avala los tratamientos. La elecci\u00f3n de tratamiento depende del contexto cl\u00ednico, de los marcos te\u00f3ricos y los tipos de t\u00e9cnicas que se adapten a cada caso.<\/p>\n\n\n\n<p><a href=\"https:\/\/ritashimano.com\/index.php\/metodologia\/\">Lee sobre mi metodolog\u00eda.<\/a><\/p>\n\n\n\n<div style=\"height:9px\" aria-hidden=\"true\" class=\"wp-block-spacer\"><\/div>\n\n\n\n<h3 class=\"wp-block-heading\">&nbsp;\u00bfCu\u00e1ndo se Necesita Tratamiento?<\/h3>\n\n\n\n<div class=\"wp-block-image\"><figure class=\"alignright size-full\"><img decoding=\"async\" width=\"154\" height=\"154\" src=\"https:\/\/ritashimano.com\/wp-content\/uploads\/2021\/12\/Senales-de-tratamiento.jpg\" alt=\"\" class=\"wp-image-327\" srcset=\"https:\/\/ritashimano.com\/wp-content\/uploads\/2021\/12\/Senales-de-tratamiento.jpg 154w, https:\/\/ritashimano.com\/wp-content\/uploads\/2021\/12\/Senales-de-tratamiento-150x150.jpg 150w, https:\/\/ritashimano.com\/wp-content\/uploads\/2021\/12\/Senales-de-tratamiento-60x60.jpg 60w\" sizes=\"(max-width: 154px) 100vw, 154px\" \/><\/figure><\/div>\n\n\n\n<p>En realidad no hay una respuesta concreta para esta pregunta. Generalmente el tratamiento psicol\u00f3gico busca resolver las dificultades que una persona puede tener adapt\u00e1ndose a las situaciones de la vida:<\/p>\n\n\n\n<ul class=\"wp-block-list\"><li>Cuando uno tiene una sensaci\u00f3n de&nbsp;<strong>malestar que no logra eliminar por sus propios medios<\/strong>&nbsp;a pesar de los intentos que realice.<\/li><li>Cuando presenta&nbsp;<strong>conductas<\/strong>&nbsp;que, bien por exceso, bien por defecto,&nbsp;<strong>interfieren con su funcionamiento normal<\/strong>, teniendo como consecuencia<strong>&nbsp;resultados perjudiciales<\/strong>.<\/li><li>Cuando el&nbsp;<strong>malestar emocional<\/strong>&nbsp;es muy significativo, parece durar demasiado o se siente presente en muchos momentos y situaciones del d\u00eda a d\u00eda.<\/li><\/ul>\n\n\n\n<p>Pero\u00a0<strong>no es necesario llegar a una situaci\u00f3n de deterioro para solicitar atenci\u00f3n psicol\u00f3gica<\/strong>. A veces las personas simplemente buscan sentirse a gusto consigo mismas, ser capaces de mejorar sus relaciones, destacar en sus carreras profesionales o encaminarse adecuadamente hacia sus objetivos.<\/p>\n\n\n\n<div style=\"height:9px\" aria-hidden=\"true\" class=\"wp-block-spacer\"><\/div>\n\n\n\n<h3 class=\"wp-block-heading\">La Decisi\u00f3n de Acudir a un Tratamiento<\/h3>\n\n\n\n<p>En la mayor\u00eda de las ocasiones es el mismo usuario quien decide buscar ayuda, pero hay veces que son sus seres queridos o quienes conviven con \u00e9l los que reparan en las dificultades que tiene.<\/p>\n\n\n\n<p>Para muchos ir al psic\u00f3logo es una\u00a0<strong>decisi\u00f3n complicada<\/strong>. A\u00fan a d\u00eda de hoy existe cierto rechazo de algunas personas hacia la terapia. Otro factor a tener en cuenta, es que acudir a un tratamiento supone una\u00a0<strong>inversi\u00f3n\u00a0de tiempo y dinero<\/strong> que muchas personas no desean asumir.<\/p>\n\n\n\n<p>Pero la realidad es que cada uno elige qu\u00e9 hacer con sus recursos; invertir en atenci\u00f3n psicol\u00f3gica es invertir en\u00a0salud, en bienestar, en uno mismo y en sus relaciones.\u00a0Es un aprendizaje\u00a0<strong>de por vida<\/strong>\u00a0que nos ayuda a\u00a0<strong>superar dificultades<\/strong>\u00a0y a ser m\u00e1s felices en los \u00e1mbitos\u00a0<strong>personal y laboral<\/strong>. Proporciona una gu\u00eda para\u00a0<strong>avanzar<\/strong>\u00a0en momentos en que uno se siente estancado o falto de rumbo. Facilita las herramientas para aliviar el malestar emocional, para comprender, para conocer las propias fortalezas y trabajar en las dificultades. Es un crecimiento que\u00a0<strong>se refleja<\/strong>\u00a0en todos los aspectos de la persona, pero que sobretodo,\u00a0<strong>siempre ser\u00e1 de utilidad<\/strong>.<\/p>\n","protected":false},"excerpt":{"rendered":"<p>Un tratamiento psicol\u00f3gico es una intervenci\u00f3n para\u00a0mejorar nuestro bienestar y calidad de vida\u00a0modificando comportamientos, creencias y pensamientos que nos perjudican o generan malestar, gestionando correctamente &hellip; <\/p>\n","protected":false},"author":1,"featured_media":0,"parent":0,"menu_order":0,"comment_status":"closed","ping_status":"closed","template":"","meta":{"footnotes":""},"class_list":["post-326","page","type-page","status-publish","hentry","latest_post"],"_links":{"self":[{"href":"https:\/\/ritashimano.com\/index.php\/wp-json\/wp\/v2\/pages\/326","targetHints":{"allow":["GET"]}}],"collection":[{"href":"https:\/\/ritashimano.com\/index.php\/wp-json\/wp\/v2\/pages"}],"about":[{"href":"https:\/\/ritashimano.com\/index.php\/wp-json\/wp\/v2\/types\/page"}],"author":[{"embeddable":true,"href":"https:\/\/ritashimano.com\/index.php\/wp-json\/wp\/v2\/users\/1"}],"replies":[{"embeddable":true,"href":"https:\/\/ritashimano.com\/index.php\/wp-json\/wp\/v2\/comments?post=326"}],"version-history":[{"count":3,"href":"https:\/\/ritashimano.com\/index.php\/wp-json\/wp\/v2\/pages\/326\/revisions"}],"predecessor-version":[{"id":841,"href":"https:\/\/ritashimano.com\/index.php\/wp-json\/wp\/v2\/pages\/326\/revisions\/841"}],"wp:attachment":[{"href":"https:\/\/ritashimano.com\/index.php\/wp-json\/wp\/v2\/media?parent=326"}],"curies":[{"name":"wp","href":"https:\/\/api.w.org\/{rel}","templated":true}]}}