{"id":323,"date":"2021-12-13T00:00:19","date_gmt":"2021-12-13T00:00:19","guid":{"rendered":"https:\/\/ritashimano.com\/?page_id=323"},"modified":"2021-12-16T17:25:00","modified_gmt":"2021-12-16T17:25:00","slug":"150-tipos-de-psicoterapia","status":"publish","type":"page","link":"https:\/\/ritashimano.com\/index.php\/metodologia\/150-tipos-de-psicoterapia\/","title":{"rendered":"150 Tipos de Psicoterapia"},"content":{"rendered":"\n<p>1. An\u00e1lisis Bioenerg\u00e9tico<br>2. An\u00e1lisis Conductual Aplicado<br>3. An\u00e1lisis de Sue\u00f1os<br>4. An\u00e1lisis Transaccional<br>5. Arte Terapia<br>6. Biblioterapia<br>7. Biofeedback\/Neurofeedback<br>8. BodyTalk System<br>9. Brainspotting<br>10. Breathwork<br>11. Clean Language, Symbolic, Modeling and the Metaphor Therapy<br>12. Client-Directed Outcome-Informed Therapy<br>13. Comunicaci\u00f3n No Violenta<br>14. Conductismo<br>15. Constelaciones Familiares<br>16. Constructivismo<br>17. Continuum Therapy<br>18. Control Mastery Theory<br>19. Core Energetics<br>20. Core Process Psychotherapy<br>21. Critical Incidence Stress Debriefing<br>22. Developmental Needs Meeting Strategy<br>23. Dramaterapia<br>24. Dreamwork<br>25. Ecoterapia\/Terapia Natural<br>26. Enfoques Basados en Mindfulness<br>27. Entrenamiento Aut\u00f3geno<br>28. Equinoterapia<br>29. Focalizing<br>30. Focusing<br>31. Hipnosis Profunda<br>32. Hipnoterapia<br>33. Human Givens<br>34. Imaginaci\u00f3n Guiada Terap\u00e9utica<br>35. Imago Relationship Therapy<br>36. Integraci\u00f3n del Ciclo Vital<br>37. InterPlay<br>38. Journal Therapy<br>39. Journey Therapy<br>40. Logoterapia<br>41. Manejo de la Ira<br>42. Medicina Complementaria y Alternativa<br>43. M\u00e9todo Feldenkrais<br>44. M\u00e9todo Gottman<br>45. Middendorf Breath Experience<br>46. Motivational Enhancement Therapy<br>47. Movimiento Aut\u00e9ntico<br>48. Musicoterapia<br>49. Neurobiolog\u00eda Interpersonal<br>50. Neurofeedback<br>51. Neuropsicolog\u00eda<br>52. Parent Work<br>53. Possibility Therapy<br>54. Programaci\u00f3n Neuroling\u00fc\u00edstica<br>55. Psicoan\u00e1lisis\/Psicoan\u00e1lisis Moderno<br>56. Psicodrama<br>57. Psicolog\u00eda del Deporte\/Fitness<br>58. Psicolog\u00eda Energ\u00e9tica<br>59. Psicolog\u00eda Orientada al Proceso<br>60. Psicologia Positiva<br>61. Psicolog\u00eda\/Psicoterapia Adleriana<br>62. Psicolog\u00eda\/Psicoterapia Humanista<br>63. Psicos\u00edntesis<br>64. Psicoterapia Contemplativa<br>65. Psicoterapia Corporal<br>66. Psicoterapia Cuerpo\/Mente<br>67. Psicoterapia Di\u00e1dica Evolutiva<br>68. Psicoterapia Existencial<br>69. Psicoterapia Experiencial Din\u00e1mica Acelerada<br>70. Psicoterapia Experiencial Hakomi<br>71. Psicoterapia Hol\u00edstica<br>72. Psicoterapia Integral<br>73. Psicoterapia Integrativa Corporal<br>74. Psicoterapia Intensiva Din\u00e1mica Breve<br>75. Psicoterapia Interpersonal<br>76. Psicoterapia Jungiana<br>77. Psicoterapia Positiva<br>78. Psicoterapia Relacional<br>79. Psicoterapia Sensoriomotora<br>80. Psicoterapia Som\u00e1tica<br>81. Psicoterapia Transpersonal<br>82. Psychomotor Therapy<br>83. Radiant Heart Therapy<br>84. Reichian Breathwork<br>85. Relaciones Objetales<br>86. Relational Recovery<br>87. Relationship Enhancement Therapy<br>88. Resoluci\u00f3n de Memoria Hologr\u00e1fica<br>89. Respiraci\u00f3n Holotr\u00f3pica<br>90. Rubenfeld Synergy Method<br>91. Self Psychology<br>92. Self Relations<br>93. Self-Acceptance Training<br>94. Sistemas Familiares Internos<br>95. Somatic Experiencing<br>96. Soul-Centered Psychiatry<br>97. T\u00e9cnica de Libertad Emocional<br>98. Teor\u00eda\/Terapia de Sistemas<br>99. Terapia Asistida con Animales<br>100. Terapia Aversiva<br>101. Terapia Breve Centrada en Soluciones<br>102. Terapia Centrada en la Persona (Terapia Rogeriana)<br>103. Terapia Cognitiva Basada en Mindfulness<br>104. Terapia Cognitivo Conductual<br>105. Terapia Cognitivo Conductual Centrada en el Trauma<br>106. Terapia Colaborativa<br>107. Terapia Colaborativa de Pareja<br>108. Terapia de Aceptaci\u00f3n y Compromiso<br>109. Terapia de Artes Expresivas<br>110. Terapia de Esquemas<br>111. Terapia de Estados del Ego<br>112. Terapia de Exposici\u00f3n<br>113. Terapia de Interacci\u00f3n Paterno-Filial (PCIT)<br>114. Terapia de la Caja de Arena<br>115. Terapia de la Coherencia\/Terapia Breve Profunda<br>116. Terapia de la Poes\u00eda<br>117. Terapia de Pareja de Modelo Evolutivo<br>118. Terapia de Realidad<br>119. Terapia de Redecisi\u00f3n<br>120. Terapia de Regresi\u00f3n<br>121. Terapia de Reprocesamiento y Desensibilizaci\u00f3n del Movimiento del Ojo (EMDR)<br>122. Terapia de Resoluci\u00f3n de Conflictos<br>123. Terapia de Transformaci\u00f3n Emocional (ETT)<br>124. Terapia del Juego<br>125. Terapia Dial\u00e9ctica Conductual<br>126. Terapia Familiar Sist\u00e9mica<br>127. Terapia Feminista<br>128. Terapia Filial<br>129. Terapia Focalizada Emocionalmente<br>130. Terapia Focalizada en la Emoci\u00f3n<br>131. Terapia Gestalt<br>132. Terapia Narrativa<br>133. Terapia Narrativa Familiar Basada en el Apego<br>134. Terapia por la Danza\/Movimiento<br>135. Terapia Profunda<br>136. Terapia Pragm\u00e1tico\/Existencial Para Parejas<br>137. Terapia Psico-F\u00edsica<br>138. Terapia Psicodin\u00e1mica<br>139. Terapia Racional Emotiva Conductual (REBT)<br>140. Terapia Transformacional Sist\u00e9mica de Satir<br>141. Theraplay<br>142. Thought Field Therapy<br>143. Time Line Therapy<br>144. Toque Curativo<br>145. Trauma Relief Unlimited (TRU)<br>146. Viaje Cham\u00e1nico\/PsicoChamanismo<br>147. Voice Dialogue<br>148. Voice Therapy<br>149. Wilderness Therapy<br>150. Yoga Terapia<\/p>\n\n\n\n<p>*Nota: Se ha mantenido la nomenclatura original en ingl\u00e9s en algunas de las terapias de la tabla dado que no han sido traducidas al espa\u00f1ol o lo han sido de diferentes formas, con lo cual a\u00f1adir una traducci\u00f3n propia aumentar\u00eda la confusi\u00f3n.<\/p>\n\n\n\n<p>Fuente: Maestra, J. (2016).&nbsp;<em>Integraci\u00f3n en Psicoterapia: Factores Comunes e Ingredientes Espec\u00edficos y Patrones Diferenciales de Cambio Narrativo<\/em>&nbsp;(Tesis Doctoral). Recuperada de&nbsp;<a href=\"http:\/\/www.tdx.cat\/handle\/10803\/369322\">http:\/\/www.tdx.cat\/handle\/10803\/369322<\/a><\/p>\n","protected":false},"excerpt":{"rendered":"<p>1. An\u00e1lisis Bioenerg\u00e9tico2. An\u00e1lisis Conductual Aplicado3. An\u00e1lisis de Sue\u00f1os4. An\u00e1lisis Transaccional5. Arte Terapia6. Biblioterapia7. Biofeedback\/Neurofeedback8. BodyTalk System9. Brainspotting10. Breathwork11. Clean Language, Symbolic, Modeling and the &hellip; <\/p>\n","protected":false},"author":1,"featured_media":0,"parent":315,"menu_order":0,"comment_status":"closed","ping_status":"closed","template":"","meta":{"footnotes":""},"class_list":["post-323","page","type-page","status-publish","hentry","latest_post"],"_links":{"self":[{"href":"https:\/\/ritashimano.com\/index.php\/wp-json\/wp\/v2\/pages\/323","targetHints":{"allow":["GET"]}}],"collection":[{"href":"https:\/\/ritashimano.com\/index.php\/wp-json\/wp\/v2\/pages"}],"about":[{"href":"https:\/\/ritashimano.com\/index.php\/wp-json\/wp\/v2\/types\/page"}],"author":[{"embeddable":true,"href":"https:\/\/ritashimano.com\/index.php\/wp-json\/wp\/v2\/users\/1"}],"replies":[{"embeddable":true,"href":"https:\/\/ritashimano.com\/index.php\/wp-json\/wp\/v2\/comments?post=323"}],"version-history":[{"count":1,"href":"https:\/\/ritashimano.com\/index.php\/wp-json\/wp\/v2\/pages\/323\/revisions"}],"predecessor-version":[{"id":324,"href":"https:\/\/ritashimano.com\/index.php\/wp-json\/wp\/v2\/pages\/323\/revisions\/324"}],"up":[{"embeddable":true,"href":"https:\/\/ritashimano.com\/index.php\/wp-json\/wp\/v2\/pages\/315"}],"wp:attachment":[{"href":"https:\/\/ritashimano.com\/index.php\/wp-json\/wp\/v2\/media?parent=323"}],"curies":[{"name":"wp","href":"https:\/\/api.w.org\/{rel}","templated":true}]}}