{"id":315,"date":"2021-12-12T23:45:27","date_gmt":"2021-12-12T23:45:27","guid":{"rendered":"https:\/\/ritashimano.com\/?page_id=315"},"modified":"2022-02-09T20:17:45","modified_gmt":"2022-02-09T20:17:45","slug":"metodologia","status":"publish","type":"page","link":"https:\/\/ritashimano.com\/index.php\/metodologia\/","title":{"rendered":"Metodolog\u00eda"},"content":{"rendered":"\n<p><\/p>\n\n\n\n<h4 class=\"wp-block-heading\" id=\"propuesta-integradora\">Propuesta Integradora<\/h4>\n\n\n\n<p>Existen muchos tipos de psicoterapia diferentes &#8211; <a href=\"https:\/\/ritashimano.com\/index.php\/150-tipos-de-psicoterapia\/\">aqu\u00ed<\/a>\u00a0puedes ver una lista de 150, aunque hay clasificaciones que recogen\u00a0<strong>m\u00e1s de 400<\/strong> -, por lo que a veces, elegir el profesional y el tratamiento adecuado, es una\u00a0<strong>decisi\u00f3n<\/strong> <strong>complicada <\/strong>para el usuario.<\/p>\n\n\n\n<p>Por eso surge la propuesta integradora:<\/p>\n\n\n\n<p>Hay una enorme variedad de estrategias y t\u00e9cnicas que han surgido a lo largo del tiempo para tratar nuestras dificultades porque <strong>no hay \u00fanico modelo\u00a0de psicoterapia que responda a\u00a0todas\u00a0las necesidades de\u00a0todas\u00a0las personas en\u00a0todos sus problemas<\/strong>. <\/p>\n\n\n\n<p>Respecto a la teor\u00eda, la integraci\u00f3n trata de <strong>combinar planteamientos<\/strong> v\u00e1lidos desde distintas orientaciones psicol\u00f3gicas, porque no hay una teor\u00eda \u00fanica que tenga todas las respuestas. De manera t\u00e9cnica se intenta <strong>potenciar la eficacia<\/strong> de la psicoterapia aplicando las aportaciones m\u00e1s \u00fatiles. <\/p>\n\n\n\n<hr class=\"wp-block-separator is-style-default\"\/>\n\n\n\n<blockquote class=\"wp-block-quote is-layout-flow wp-block-quote-is-layout-flow\"><p>\u201c\u00bfQU\u00c9 INTERVENCI\u00d3N, APLICADA POR QUI\u00c9N, ES M\u00c1S EFICAZ PARA ESTA PERSONA CON ESTE PROBLEMA ESPEC\u00cdFICO, Y BAJO QU\u00c9 CIRCUNSTANCIAS?\u201d<\/p><cite>Gordon Paul<\/cite><\/blockquote>\n\n\n\n<hr class=\"wp-block-separator is-style-default\"\/>\n\n\n\n<p>En definitiva, la integraci\u00f3n aboga porque las personas sean consideradas en su conjunto, con su mundo de relaciones y en el contexto en el que est\u00e1n inmersas, comprendiendo que es el tratamiento el que debe adaptarse al ciente y no a la inversa.  <\/p>\n\n\n\n<hr class=\"wp-block-separator is-style-default\"\/>\n\n\n\n<p>Referencias:<\/p>\n\n\n\n<p>Bados, A. (2008).&nbsp;<em>La intervenci\u00f3n psicol\u00f3gica: caracter\u00edsticas y modelos<\/em>.&nbsp;Facultad de<br>Psicolog\u00eda, Universidad de Barcelona. Recuperado de&nbsp;<a href=\"http:\/\/diposit.ub.edu\/dspace\/bitstream\/2445\/4963\/1\/IPCS%20caracter%C3%ADsticas%20y%20modelos.pdf\">http:\/\/diposit.ub.edu<\/a><\/p>\n\n\n\n<p>Feixas, G. y Mir\u00f3, M. (1993).&nbsp;<em>Aproximaciones a la psicoterapia<\/em>. Barcelona: Paid\u00f3s.<\/p>\n\n\n\n<p>Grupo de Trabajo de la GPC (2008).&nbsp;<em>Gu\u00eda de pr\u00e1ctica cl\u00ednica sobre el manejo de la depresi\u00f3n mayor en el adulto<\/em>. Recuperado de&nbsp;<a href=\"http:\/\/www.guiasalud.es\/GPC\/GPC_424_Dep_Adult_compl.pdf\">http:\/\/www.guiasalud.es<\/a><\/p>\n\n\n\n<p>Maestra, J. (2016).&nbsp;<em>Integraci\u00f3n en Psicoterapia: Factores Comunes e Ingredientes Espec\u00edficos y Patrones Diferenciales de Cambio Narrativo<\/em>&nbsp;(Tesis Doctoral). Recuperada de&nbsp;<a href=\"http:\/\/www.tdx.cat\/handle\/10803\/369322\">http:\/\/www.tdx.cat<\/a><\/p>\n\n\n\n<p>Paul, G.L. (1967). Strategy of outcome research in psychotherapy. J<em>ournal of Consulting Psychology, 31(2),<\/em>&nbsp;109-118.<\/p>\n\n\n\n<p>Rappaport, R.L. (1991). When eclecticism is the integration of therapy postures, not theories.&nbsp;<em>Journal of Integrative and Eclectic Psychotherapy, 10,<\/em>&nbsp;163-172.<\/p>\n","protected":false},"excerpt":{"rendered":"<p>Propuesta Integradora Existen muchos tipos de psicoterapia diferentes &#8211; aqu\u00ed\u00a0puedes ver una lista de 150, aunque hay clasificaciones que recogen\u00a0m\u00e1s de 400 -, por lo &hellip; <\/p>\n","protected":false},"author":1,"featured_media":0,"parent":0,"menu_order":0,"comment_status":"closed","ping_status":"closed","template":"","meta":{"footnotes":""},"class_list":["post-315","page","type-page","status-publish","hentry","latest_post"],"_links":{"self":[{"href":"https:\/\/ritashimano.com\/index.php\/wp-json\/wp\/v2\/pages\/315","targetHints":{"allow":["GET"]}}],"collection":[{"href":"https:\/\/ritashimano.com\/index.php\/wp-json\/wp\/v2\/pages"}],"about":[{"href":"https:\/\/ritashimano.com\/index.php\/wp-json\/wp\/v2\/types\/page"}],"author":[{"embeddable":true,"href":"https:\/\/ritashimano.com\/index.php\/wp-json\/wp\/v2\/users\/1"}],"replies":[{"embeddable":true,"href":"https:\/\/ritashimano.com\/index.php\/wp-json\/wp\/v2\/comments?post=315"}],"version-history":[{"count":8,"href":"https:\/\/ritashimano.com\/index.php\/wp-json\/wp\/v2\/pages\/315\/revisions"}],"predecessor-version":[{"id":922,"href":"https:\/\/ritashimano.com\/index.php\/wp-json\/wp\/v2\/pages\/315\/revisions\/922"}],"wp:attachment":[{"href":"https:\/\/ritashimano.com\/index.php\/wp-json\/wp\/v2\/media?parent=315"}],"curies":[{"name":"wp","href":"https:\/\/api.w.org\/{rel}","templated":true}]}}