{"id":121,"date":"2021-12-08T16:19:41","date_gmt":"2021-12-08T16:19:41","guid":{"rendered":"https:\/\/ritashimano.com\/?page_id=121"},"modified":"2023-04-20T23:32:12","modified_gmt":"2023-04-20T23:32:12","slug":"el-cuidado-del-cuidador","status":"publish","type":"page","link":"https:\/\/ritashimano.com\/index.php\/areas-de-intervencion\/el-cuidado-del-cuidador\/","title":{"rendered":"El Cuidado del Cuidador"},"content":{"rendered":"\n<p>Cuidar de alguien es un proceso dif\u00edcil y complejo. A veces no se trata de una persona con una enfermedad; somos cuidadores de nuestros hijos cuando son peque\u00f1os y de nuestros padres cuando son mayores; y en otras ocasiones, s\u00ed cuidamos a personas que han recibido un diagn\u00f3stico. En cualquier caso, cuidar a alguien supone un cambio de vida.<\/p>\n\n\n\n<p>Si nos enfrentamos a la enfermedad de un ser querido, desde el mismo momento del diagn\u00f3stico, tanto para la persona afectada como para sus familiares, comienza una etapa complicada: no s\u00f3lo es el impacto inicial, sino que tambi\u00e9n hay que afrontar un proceso en el que hay muchas situaciones dif\u00edciles de gestionar. <\/p>\n\n\n\n<p>Es normal que cuidar tenga una&nbsp;<strong>repercusi\u00f3n en las emociones, en la manera de comportarse, en las expectativas y pensamientos con respecto a la vida, en las relaciones y tambi\u00e9n en la salud<\/strong>.<\/p>\n\n\n\n<p>De manera reciente se reconoce la importancia atender el bienestar psicol\u00f3gico de las personas. Pero la realidad es que el modelo sanitario hoy en d\u00eda se centra casi en exclusiva en la salud f\u00edsica, existiendo un\u00a0<strong>vac\u00edo en cuanto a ciertas necesidades<\/strong>\u00a0que surgen en todos los procesos de salud-enfermedad. Y este tambi\u00e9n es el caso de las <strong>personas que cuidan de un ser querido<\/strong>.<\/p>\n\n\n\n<p>Obtienen una atenci\u00f3n escasa, y a veces se ven en una situaci\u00f3n cr\u00edtica sin <strong>a penas poseer o recibir recursos que les sirvan de orientaci\u00f3n durante este proceso<\/strong>. Y aunque se conoce la importancia de su labor, la realidad es que no es una tarea f\u00e1cil en ning\u00fan aspecto. Es frecuente que&nbsp;el cuidador <strong>descuide sus propias necesidades<\/strong> y que se vea&nbsp;<strong>superado f\u00edsica y emocionalmente<\/strong>&nbsp;por la situaci\u00f3n.<\/p>\n\n\n<div class=\"wp-block-image\">\n<figure class=\"alignleft size-full is-resized\"><img decoding=\"async\" src=\"https:\/\/ritashimano.com\/wp-content\/uploads\/2021\/12\/Mano-cuidador.jpg\" alt=\"\" class=\"wp-image-122\" width=\"219\" height=\"222\" srcset=\"https:\/\/ritashimano.com\/wp-content\/uploads\/2021\/12\/Mano-cuidador.jpg 446w, https:\/\/ritashimano.com\/wp-content\/uploads\/2021\/12\/Mano-cuidador-296x300.jpg 296w, https:\/\/ritashimano.com\/wp-content\/uploads\/2021\/12\/Mano-cuidador-59x60.jpg 59w\" sizes=\"(max-width: 219px) 100vw, 219px\" \/><\/figure>\n<\/div>\n\n\n<p>Adem\u00e1s, querer y cuidar a alguien implica vivir junto a \u00e9l todo el proceso (lo que se hace mucho m\u00e1s duro cuando se trata de una enfermedad), significa cambiar los h\u00e1bitos y planes de vida, asumir responsabilidades que antes no exist\u00edan, hacer renuncias en la vida social y conseguir equilibrar la vida laboral (en algunos caso se abandonan ambas), experimentar tristeza, cansancio, frustraci\u00f3n, dolor, etc. Pero tambi\u00e9n ha de implicar\u00a0<strong>cuidarse, respetarse a uno mismo y aprender a gestionar las emociones<\/strong>\u00a0para vivir del mejor modo dadas las circunstancias. <\/p>\n\n\n\n<div style=\"height:9px\" aria-hidden=\"true\" class=\"wp-block-spacer\"><\/div>\n\n\n\n<h3 class=\"wp-block-heading\">\u00bfQu\u00e9 es Ser Cuidador?<\/h3>\n\n\n\n<p>Cuando hablamos de un cuidador, nos referimos a una persona que presta su asistencia a alguien que no es totalmente aut\u00f3nomo y que necesita ayuda. No hace referencia a ning\u00fan tipo de patolog\u00eda en particular, ni siquiera a la existencia de una patolog\u00eda. Hay muchos ejemplos en los que las personas son cuidadoras de un ser querido: de un padre que tiene Alzheimer, un hermano que ha sufrido un ictus, una pareja que tiene c\u00e1ncer, un hijo con un trastorno mental, un suegro v\u00edctima de un accidente de coche, o simplemente al ser padres de nuestros hijos. Hablamos de cuidadores no profesionales que prestan su ayuda sin recibir remuneraci\u00f3n por ello y que suelen ser familiares o gente del entorno cercano a la persona que requiere de cuidado.<\/p>\n\n\n\n<div style=\"height:9px\" aria-hidden=\"true\" class=\"wp-block-spacer\"><\/div>\n\n\n\n<h3 class=\"wp-block-heading\">\u00bfEn qu\u00e9 Podemos Ayudar a los Cuidadores?<\/h3>\n\n\n\n<p>Las diferentes circunstancias hacen <strong>cada caso sea distinto<\/strong>. Cuidar puede ser algo temporal y transitorio, o ser algo estable. Puede englobar tareas y actividades distintas, ser un cuidado m\u00e1s o menos directo y con una dedicaci\u00f3n que requiera m\u00e1s o menos tiempo y energ\u00eda. Por eso, hay que considerar <strong>el significado que ser cuidador tiene para cada uno<\/strong>\u00a0a la hora de desarrollar estrategias y planes de intervenci\u00f3n. Ni el cuidado en s\u00ed, ni la vivencia de cuidar son iguales para todo el mundo.<\/p>\n\n\n\n<p>En las intervenciones con cuidadores en la consulta, se busca conocer las particularidades de cada persona y de cada caso para poder lograr tres objetivos principales:<\/p>\n\n\n\n<ol class=\"wp-block-list\">\n<li>Ayudar a las personas a&nbsp;<strong>comprender el proceso<\/strong>&nbsp;de cuidado desde una perspectiva realista m\u00e1s positiva.<\/li>\n\n\n\n<li>Proporcionar&nbsp;<strong>estrategias para la mejora de vida<\/strong>&nbsp;de la persona a la que se cuida, de los familiares y cuidadores que le rodean.<\/li>\n\n\n\n<li>Desarrollar&nbsp;<strong>estrategias para afrontar las posibles adversidades<\/strong>&nbsp;que surjan durante todo el proceso.<\/li>\n<\/ol>\n\n\n\n<p>Ser cuidador es dif\u00edcil, pero <strong>significa ayudar<\/strong> y, por eso, tambi\u00e9n se puede aprender a vivirlo como una experiencia positiva.<\/p>\n\n\n\n<hr class=\"wp-block-separator has-css-opacity\"\/>\n\n\n\n<div style=\"height:30px\" aria-hidden=\"true\" class=\"wp-block-spacer\"><\/div>\n\n\n\n<p>Referencias<\/p>\n\n\n\n<p>De la Cuesta Benjumea, C. (2009). El cuidado familiar: una revisi\u00f3n cr\u00edtica.&nbsp;<em>Universidad de Antioquia. Facultad de Enfermer\u00eda. Investigaci\u00f3n y Educaci\u00f3n en Enfermer\u00eda.<\/em>&nbsp;Medell\u00edn, 23 (1).<\/p>\n\n\n\n<p>Introducci\u00f3n a los sistemas sanitarios. (2011).&nbsp;<em>Unidad de Medicina de Familia y Atenci\u00f3n Primaria. Facultad de Medicina.<\/em>&nbsp;Universidad Aut\u00f3noma de Madrid.<\/p>\n\n\n\n<p>Laham, M. (2010).&nbsp;<em>Psicocardiolog\u00eda. Abordaje psicol\u00f3gico al paciente card\u00edaco.<\/em><br>Buenos Aires: Ediciones del Instituto de Psicocardiolog\u00eda<\/p>\n\n\n\n<p>Marks, D.F., Murray, M., Evans, B, willig, C., Woodall, C. y Skykes, C.M. (2008).&nbsp;<em>Psicolog\u00eda de la salud: teor\u00eda, investigaci\u00f3n y pr\u00e1ctica.<\/em>&nbsp;Ciudad de M\u00e9xico: Manual Moderno.<\/p>\n\n\n\n<p>Pinto, N., Barrera, L., S\u00e1nzchez, B. (2005).&nbsp;Reflexiones sobre el cuidado a partir del programa \u00abCuidando a los cuidadores\u00bb.&nbsp;<em>Aquich\u00e1n<\/em>,&nbsp;<em>5<\/em>(1), 128-137. Recuperado de&nbsp;<a href=\"http:\/\/www.scielo.org.co\/scielo.php?script=sci_arttext&amp;pid=S1657-59972005000100013&amp;lng=en&amp;tlng=en\">http:\/\/www.scielo.org.co\/scielo.php?script=sci_arttext&amp;pid=S1657-59972005000100013&amp;lng=en&amp;tlng=en<\/a>.<\/p>\n\n\n\n<p>Schumacher, L., Stewart, J., Archbold, G., Dodd, J. y Dibble, S. L. (2000). Family caregiving skill: development of the concept.&nbsp;<em>Research Nurse Health, 23<\/em>, 191-203.<\/p>\n\n\n\n<p>Wallhagen, M.I., Yamamoto-Mitani, N. (2006). The meaning of family caregiving in Japan and the United States: a qualitative comparative study.&nbsp;<em>Journal of Transcultural Nursing<\/em>,&nbsp;<em>17<\/em>(1), 65-73.<\/p>\n","protected":false},"excerpt":{"rendered":"<p>Cuidar de alguien es un proceso dif\u00edcil y complejo. A veces no se trata de una persona con una enfermedad; somos cuidadores de nuestros hijos &hellip; <\/p>\n","protected":false},"author":1,"featured_media":869,"parent":299,"menu_order":0,"comment_status":"closed","ping_status":"closed","template":"","meta":{"footnotes":""},"class_list":["post-121","page","type-page","status-publish","has-post-thumbnail","hentry","latest_post"],"_links":{"self":[{"href":"https:\/\/ritashimano.com\/index.php\/wp-json\/wp\/v2\/pages\/121","targetHints":{"allow":["GET"]}}],"collection":[{"href":"https:\/\/ritashimano.com\/index.php\/wp-json\/wp\/v2\/pages"}],"about":[{"href":"https:\/\/ritashimano.com\/index.php\/wp-json\/wp\/v2\/types\/page"}],"author":[{"embeddable":true,"href":"https:\/\/ritashimano.com\/index.php\/wp-json\/wp\/v2\/users\/1"}],"replies":[{"embeddable":true,"href":"https:\/\/ritashimano.com\/index.php\/wp-json\/wp\/v2\/comments?post=121"}],"version-history":[{"count":5,"href":"https:\/\/ritashimano.com\/index.php\/wp-json\/wp\/v2\/pages\/121\/revisions"}],"predecessor-version":[{"id":952,"href":"https:\/\/ritashimano.com\/index.php\/wp-json\/wp\/v2\/pages\/121\/revisions\/952"}],"up":[{"embeddable":true,"href":"https:\/\/ritashimano.com\/index.php\/wp-json\/wp\/v2\/pages\/299"}],"wp:featuredmedia":[{"embeddable":true,"href":"https:\/\/ritashimano.com\/index.php\/wp-json\/wp\/v2\/media\/869"}],"wp:attachment":[{"href":"https:\/\/ritashimano.com\/index.php\/wp-json\/wp\/v2\/media?parent=121"}],"curies":[{"name":"wp","href":"https:\/\/api.w.org\/{rel}","templated":true}]}}