{"id":12,"date":"2021-12-06T17:51:51","date_gmt":"2021-12-06T17:51:51","guid":{"rendered":"https:\/\/ritashimano.com\/?page_id=12"},"modified":"2024-01-26T09:46:06","modified_gmt":"2024-01-26T09:46:06","slug":"contacto","status":"publish","type":"page","link":"https:\/\/ritashimano.com\/index.php\/contacto\/","title":{"rendered":"Contacto"},"content":{"rendered":"\n<p>Puedes contactar a trav\u00e9s del n\u00famero de tel\u00e9fono 635 622 097, tambi\u00e9n por <a href=\"https:\/\/api.whatsapp.com\/send?phone= 34635622097&amp;text=Hola,%20gracias%20por%20ponerte%20en%20contacto%20conmigo.%20Env%C3%ADame%20tu%20consulta%20y%20te%20contestar%C3%A9%20en%20cuanto%20me%20sea%20posible.%20Un%20saludo!\">WhatsApp<\/a> y <a href=\"https:\/\/t.me\/rita_shimano\">Telegram<\/a>.<\/p>\n\n\n\n<p>Calle Fern\u00e1ndez de los R\u00edos 87<\/p>\n\n\n\n<figure class=\"wp-block-image size-full is-resized\"><a href=\"https:\/\/www.google.com\/maps\/place\/C.+de+Fern%C3%A1ndez+de+los+R%C3%ADos,+87,+28015+Madrid\/@40.4339993,-3.7074637,15z\/data=!4m6!3m5!1s0xd4228424d420bf7:0x9d3f3d89fa7d960!8m2!3d40.4352581!4d-3.716278!16s%2Fg%2F11c5l_zrf6?entry=ttu\"><img fetchpriority=\"high\" decoding=\"async\" width=\"528\" height=\"389\" src=\"https:\/\/ritashimano.com\/wp-content\/uploads\/2023\/11\/mapa-psicologo-1.jpg\" alt=\"\" class=\"wp-image-988\" style=\"width:526px;height:378px\" srcset=\"https:\/\/ritashimano.com\/wp-content\/uploads\/2023\/11\/mapa-psicologo-1.jpg 528w, https:\/\/ritashimano.com\/wp-content\/uploads\/2023\/11\/mapa-psicologo-1-300x221.jpg 300w, https:\/\/ritashimano.com\/wp-content\/uploads\/2023\/11\/mapa-psicologo-1-81x60.jpg 81w\" sizes=\"(max-width: 528px) 100vw, 528px\" \/><\/a><\/figure>\n\n\n\n<p>Metro:<\/p>\n\n\n\n<ul class=\"wp-block-list\">\n<li>Moncloa (L\u00ednea 3 y 6)<\/li>\n<\/ul>\n\n\n\n<div style=\"height:20px\" aria-hidden=\"true\" class=\"wp-block-spacer\"><\/div>\n\n\n\n<p>Y tambi\u00e9n si lo prefieres puedes enviar tu consulta a trav\u00e9s del formulario de contacto:<\/p>\n\n\n\n<div style=\"height:20px\" aria-hidden=\"true\" class=\"wp-block-spacer\"><\/div>\n\n\n\n<div class=\"wp-block-contact-form-7-contact-form-selector\">\n<div class=\"wpcf7 no-js\" id=\"wpcf7-f91-o1\" lang=\"es-ES\" dir=\"ltr\" data-wpcf7-id=\"91\">\n<div class=\"screen-reader-response\"><p role=\"status\" aria-live=\"polite\" aria-atomic=\"true\"><\/p> <ul><\/ul><\/div>\n<form action=\"\/index.php\/wp-json\/wp\/v2\/pages\/12#wpcf7-f91-o1\" method=\"post\" class=\"wpcf7-form init\" aria-label=\"Formulario de contacto\" novalidate=\"novalidate\" data-status=\"init\">\n<fieldset class=\"hidden-fields-container\"><input type=\"hidden\" name=\"_wpcf7\" value=\"91\" \/><input type=\"hidden\" name=\"_wpcf7_version\" value=\"6.1.5\" \/><input type=\"hidden\" name=\"_wpcf7_locale\" value=\"es_ES\" \/><input type=\"hidden\" name=\"_wpcf7_unit_tag\" value=\"wpcf7-f91-o1\" \/><input type=\"hidden\" name=\"_wpcf7_container_post\" value=\"0\" \/><input type=\"hidden\" name=\"_wpcf7_posted_data_hash\" value=\"\" \/>\n<\/fieldset>\n<p><label> Nombre<br \/>\n<span class=\"wpcf7-form-control-wrap\" data-name=\"your-name\"><input size=\"40\" maxlength=\"400\" class=\"wpcf7-form-control wpcf7-text wpcf7-validates-as-required\" aria-required=\"true\" aria-invalid=\"false\" value=\"\" type=\"text\" name=\"your-name\" \/><\/span> <\/label>\n<\/p>\n<p><label> Correo electr\u00f3nico<br \/>\n<span class=\"wpcf7-form-control-wrap\" data-name=\"your-email\"><input size=\"40\" maxlength=\"400\" class=\"wpcf7-form-control wpcf7-email wpcf7-validates-as-required wpcf7-text wpcf7-validates-as-email\" aria-required=\"true\" aria-invalid=\"false\" value=\"\" type=\"email\" name=\"your-email\" \/><\/span> <\/label>\n<\/p>\n<p><label> Tel\u00e9fono (opcional)<br \/>\n<span class=\"wpcf7-form-control-wrap\" data-name=\"telephone\"><input size=\"40\" maxlength=\"400\" class=\"wpcf7-form-control wpcf7-tel wpcf7-text wpcf7-validates-as-tel\" aria-invalid=\"false\" value=\"\" type=\"tel\" name=\"telephone\" \/><\/span> <\/label>\n<\/p>\n<p><label> Asunto<br \/>\n<span class=\"wpcf7-form-control-wrap\" data-name=\"your-subject\"><input size=\"40\" maxlength=\"400\" class=\"wpcf7-form-control wpcf7-text wpcf7-validates-as-required\" aria-required=\"true\" aria-invalid=\"false\" value=\"\" type=\"text\" name=\"your-subject\" \/><\/span> <\/label>\n<\/p>\n<p><label> Tu mensaje (opcional)<br \/>\n<span class=\"wpcf7-form-control-wrap\" data-name=\"your-message\"><textarea cols=\"40\" rows=\"10\" maxlength=\"2000\" class=\"wpcf7-form-control wpcf7-textarea\" aria-invalid=\"false\" name=\"your-message\"><\/textarea><\/span> <\/label>\n<\/p>\n<p><input class=\"wpcf7-form-control wpcf7-submit has-spinner\" type=\"submit\" value=\"Enviar\" \/>\n<\/p><p style=\"display: none !important;\" class=\"akismet-fields-container\" data-prefix=\"_wpcf7_ak_\"><label>&#916;<textarea name=\"_wpcf7_ak_hp_textarea\" cols=\"45\" rows=\"8\" maxlength=\"100\"><\/textarea><\/label><input type=\"hidden\" id=\"ak_js_1\" name=\"_wpcf7_ak_js\" value=\"28\"\/><script type=\"text\/javascript\">\n\/* <![CDATA[ *\/\ndocument.getElementById( \"ak_js_1\" ).setAttribute( \"value\", ( new Date() ).getTime() );\n\/* ]]> *\/\n<\/script>\n<\/p><div class=\"wpcf7-response-output\" aria-hidden=\"true\"><\/div>\n<\/form>\n<\/div>\n<\/div>\n\n\n\n<p><\/p>\n","protected":false},"excerpt":{"rendered":"<p>Puedes contactar a trav\u00e9s del n\u00famero de tel\u00e9fono 635 622 097, tambi\u00e9n por WhatsApp y Telegram. Calle Fern\u00e1ndez de los R\u00edos 87 Metro: Y tambi\u00e9n &hellip; <\/p>\n","protected":false},"author":1,"featured_media":0,"parent":0,"menu_order":0,"comment_status":"closed","ping_status":"closed","template":"","meta":{"footnotes":""},"class_list":["post-12","page","type-page","status-publish","hentry","latest_post"],"_links":{"self":[{"href":"https:\/\/ritashimano.com\/index.php\/wp-json\/wp\/v2\/pages\/12","targetHints":{"allow":["GET"]}}],"collection":[{"href":"https:\/\/ritashimano.com\/index.php\/wp-json\/wp\/v2\/pages"}],"about":[{"href":"https:\/\/ritashimano.com\/index.php\/wp-json\/wp\/v2\/types\/page"}],"author":[{"embeddable":true,"href":"https:\/\/ritashimano.com\/index.php\/wp-json\/wp\/v2\/users\/1"}],"replies":[{"embeddable":true,"href":"https:\/\/ritashimano.com\/index.php\/wp-json\/wp\/v2\/comments?post=12"}],"version-history":[{"count":23,"href":"https:\/\/ritashimano.com\/index.php\/wp-json\/wp\/v2\/pages\/12\/revisions"}],"predecessor-version":[{"id":1020,"href":"https:\/\/ritashimano.com\/index.php\/wp-json\/wp\/v2\/pages\/12\/revisions\/1020"}],"wp:attachment":[{"href":"https:\/\/ritashimano.com\/index.php\/wp-json\/wp\/v2\/media?parent=12"}],"curies":[{"name":"wp","href":"https:\/\/api.w.org\/{rel}","templated":true}]}}