{"id":113,"date":"2021-12-08T15:40:32","date_gmt":"2021-12-08T15:40:32","guid":{"rendered":"https:\/\/ritashimano.com\/?page_id=113"},"modified":"2021-12-16T17:23:29","modified_gmt":"2021-12-16T17:23:29","slug":"sobre-la-autoestima","status":"publish","type":"page","link":"https:\/\/ritashimano.com\/index.php\/areas-de-intervencion\/autoestima\/sobre-la-autoestima\/","title":{"rendered":"Sobre la Autoestima"},"content":{"rendered":"\n<h6 class=\"has-text-align-left wp-block-heading\">\u00abCONFIAR EN TI MISMO NO GARANTIZA EL \u00c9XITO, PERO NO HACERLO GARANTIZA EL FRACASO\u00bb<\/h6>\n\n\n\n<h6 class=\"wp-block-heading\">\u2013 &nbsp;ALBERT BANDURA<\/h6>\n\n\n\n<p><\/p>\n\n\n\n<p>La enorme popularidad de la autoestima ha hecho que se convierta en un t\u00e9rmino un tanto desvirtuado y confuso, y es cierto que la comunidad cient\u00edfica<strong>&nbsp;no se pone de acuerdo sobre cu\u00e1l es su funci\u00f3n ni cu\u00e1les sus beneficios<\/strong>&nbsp;(Brown y Marshall, 2006). Unos dicen que un nivel alto de autoestima&nbsp;<strong>es esencial y da sentido a la vida<\/strong>&nbsp;(Pyszczynski, Greenberg, Solomon, Arndt, y Schimel, 2004), mientras otros opinan que&nbsp;<strong>no tiene valor<\/strong>&nbsp;y que puede llegar a convertirse en&nbsp;<strong>una carga<\/strong>&nbsp;(Baumeister, Campbell, Krueger, &amp; Vohs, 2003).<\/p>\n\n\n\n<p id=\"menu-autoestima\">En este apartado se resume de manera clara y breve qu\u00e9 es la autoestima y por qu\u00e9 y para qu\u00e9 su inter\u00e9s.<\/p>\n\n\n\n<hr class=\"wp-block-separator\"\/>\n\n\n\n<ul class=\"wp-block-list\"><li><a href=\"#que-es-la-autoestima\">\u00bfQu\u00e9 es la autoestima?<\/a><\/li><li><a href=\"#como-es-mi-autoestima\">\u00bfC\u00f3mo es mi autoestima?<\/a><\/li><li><a href=\"#beneficios-autoestima\">Los beneficios de la autoestima<\/a><\/li><li><a href=\"#resultados-experimentales\">Resultados experimentales<\/a><\/li><li><a href=\"#pensamientos-emociones-conductas-baja\">Pensamientos, emociones y conductas habituales de alguien con baja autoestima<\/a><\/li><li><a href=\"#se-puede-aumentar\">\u00bfSe puede aumentar la autoestima? \u00bfExiste un tratamiento?<\/a><\/li><\/ul>\n\n\n\n<hr class=\"wp-block-separator\"\/>\n\n\n\n<h4 class=\"wp-block-heading\" id=\"que-es-la-autoestima\">\u00bfQu\u00e9 es la Autoestima?<\/h4>\n\n\n\n<p>Al referirnos a la autoestima, generalmente\u00a0nos referimos a la\u00a0<strong>evaluaci\u00f3n que cada uno realiza sobre s\u00ed mismo y los sentimientos que ese juicio provoca<\/strong>\u00a0(Leary y Baumeister, 2000). La autoestima es m\u00e1s o menos estable en el tiempo (Orth y Robbins, 2014) y se trata de una valoraci\u00f3n subjetiva. De hecho, seg\u00fan la mayor\u00eda de estudios realizados, las personas con alta autoestima\u00a0<strong>no poseen m\u00e1s talento, no son m\u00e1s inteligentes, ni m\u00e1s atractivas, ni superiores en ning\u00fan aspecto<\/strong>\u00a0a las personas con baja autoestima (Baumeister, 1991).<\/p>\n\n\n\n<p id=\"target2\"><\/p>\n\n\n\n<p>PERO las personas con una autoestima alta&nbsp;<strong>creen<\/strong>&nbsp;que son mejores,&nbsp;<strong>eval\u00faan<\/strong>&nbsp;como mejores sus capacidades, aptitudes y habilidades y sus&nbsp;<strong>emociones<\/strong>&nbsp;hacia ellos mismos son m\u00e1s<strong>&nbsp;positivas<\/strong>.<\/p>\n\n\n\n<p>Las investigaciones confirman que una autoevaluaci\u00f3n positiva y una visi\u00f3n un tanto&nbsp;<strong>inflada<\/strong>&nbsp;del valor y habilidades son propias del&nbsp;<strong>pensamiento normal<\/strong>&nbsp;y contribuyen a la salud mental y al bienestar (Taylor y Brown, 1988). Tendemos a&nbsp;<strong>distorsionar la realidad<\/strong>&nbsp;para proteger y realzar nuestra autoestima.<\/p>\n\n\n\n<p>Aclaremos que un \u00e9nfasis exagerado en el gusto por uno mismo y una deformaci\u00f3n de la realidad excesiva, dejan de ser beneficiosos y pueden llevar al egocentrismo, ensimismamiento y falta de preocupaci\u00f3n por los dem\u00e1s (Seligman, 1995).<\/p>\n\n\n\n<p>Y \u00bfqu\u00e9 pasa con la gente que tiene baja autoestima?<\/p>\n\n\n\n<p>Al contrario de lo que se piensa, alguien con baja autoestima no tiene una opini\u00f3n negativa de s\u00ed mismo. Ser\u00eda m\u00e1s bien una opini\u00f3n&nbsp;<strong>neutra o menos positiva.<\/strong>&nbsp;Curiosamente, al igual que las personas moderadamente deprimidas, las personas con baja autoestima demuestran la&nbsp;<strong>ausencia de distorsiones<\/strong>&nbsp;y su autoevaluaci\u00f3n es m\u00e1 cercana a la&nbsp;<strong>realidad&nbsp;<\/strong>(Mann, Hosman, Schaalma y deVries, 2004).<\/p>\n\n\n\n<p>Hay determinadas personas que experimentan odio o\u00a0<strong>aversi\u00f3n por ellas mismas<\/strong>, pero se trata de casos extremos y que, generalmente, pertenecen a poblaciones cl\u00ednicas (Baumeister, Tice y Hutton, 1989).<\/p>\n\n\n\n<p><a href=\"#menu-autoestima\">Volver<\/a><\/p>\n\n\n\n<hr class=\"wp-block-separator\"\/>\n\n\n\n<h4 class=\"wp-block-heading\" id=\"como-es-mi-autoestima\"><strong>\u00bfC\u00f3mo es mi Autoestima?<\/strong><\/h4>\n\n\n\n<p>Veamos unas situaciones hipot\u00e9ticas (University of Washington, 2013):<\/p>\n\n\n\n<p><em>a) Tu jefe te pide que prepares un informe en el que tienes que recomendar un proyecto. Tras dedicarle un tiempo considerable, decides que el proyecto \u201dX\u201d deber\u00eda ser aprobado y, cuidadosamente, preparas tu informe. Se lo entregas a tu jefe, que, despu\u00e9s de leerlo, rechaza tu recomendaci\u00f3n.<\/em><\/p>\n\n\n\n<p><em>b) Se acerca la hora de la comida y comentas que te apetece salir a que te d\u00e9 el aire. Ves a tres compa\u00f1eros tuyos hablando entre ellos y a las 14:00 se van de la oficina a comer sin decirte nada.<\/em><\/p>\n\n\n\n<p><em>\u00bfC\u00f3mo te afectar\u00edan estas experiencias? \u00bfTe sentir\u00edas mal? \u00bfEnfadado? \u00bfAfectar\u00edan en el modo que te sientes contigo mismo?<\/em><\/p>\n\n\n\n<hr class=\"wp-block-separator\"\/>\n\n\n\n<p>En psicolog\u00eda muchos de los estudios realizados para observar las consecuencias de la autoestima se han centrado en la manera de afrontar un feedback negativo. Las personas con baja autoestima se sienten\u00a0<strong>heridas, avergonzadas y humilladas consigo mismas<\/strong>\u00a0despu\u00e9s de experiencias como las anteriores, lo que les lleva a pensar que\u00a0<strong>carecen de valor y que se las rechaza<\/strong>. En el caso de personas con una autoestima alta, aunque viven este tipo de situaciones como desagradables, no se sienten humilladas ni avergonzadas (Brown &amp; Dutton, 1995); parece que son\u00a0<strong>m\u00e1s conscientes<\/strong>\u00a0de sus habilidades y su valor y un fracaso no modifica el concepto global que tienen de s\u00ed mismos\u00a0(Baumeister, 2013).<\/p>\n\n\n\n<p>Podr\u00edamos decir que alguien con una autoestima pobre\u00a0<strong>generaliza<\/strong>\u00a0al\u00a0fallar y piensa que todo lo hace mal o que no vale. Sin embargo, si alcanzan sus metas, no se sienten as\u00ed. Los sentimientos que tienen respecto a s\u00ed mismos son<strong>\u00a0inestables\u00a0y fluct\u00faan<\/strong>\u00a0con frecuencia (Baumeister, 2013). Un d\u00eda pueden sentirse muy bien y poco despu\u00e9s, se pueden hundir con facilidad.<\/p>\n\n\n\n<p><a href=\"#menu-autoestima\">Volver<\/a><\/p>\n\n\n\n<hr class=\"wp-block-separator\"\/>\n\n\n\n<h4 class=\"wp-block-heading\" id=\"beneficios-autoestima\">Los Beneficios de la Autoestima<\/h4>\n\n\n\n<p>No parece que haya duda en que tener una autoestima elevada resulta m\u00e1s conveniente (Evans, 1997). A pesar de que los<strong>\u00a0beneficios\u00a0<\/strong>de una autoestima positiva\u00a0se han resumido en<strong>\u00a0dos basicamente<\/strong>\u00a0(Emler, 2001), es necesario comprender su relevancia:<\/p>\n\n\n\n<ol class=\"wp-block-list\"><li>Las personas con una autoestima alta presentan&nbsp;<strong>mayor nivel de iniciativa<\/strong>: es gente m\u00e1s propensa a acercarse a un extra\u00f1o y entablar conversaci\u00f3n, a dar su opini\u00f3n en un grupo, a tener ideas m\u00e1s firmes, a ser m\u00e1s persistente, etc.<\/li><li>La autoestima alta est\u00e1 relacionada con una serie de&nbsp;<strong>emociones positivas<\/strong>&nbsp;para las personas: son gente m\u00e1s feliz, se recuperan mejor de las adversidades, afrontan mejor el estr\u00e9s y son menos propensos a los cambios emocionales.<\/li><\/ol>\n\n\n\n<p>Las implicaciones de estos factores son muy importantes, en la pr\u00f3xima secci\u00f3n veremos algunas.<\/p>\n\n\n\n<p><a href=\"#menu-autoestima\">Volver<\/a><\/p>\n\n\n\n<hr class=\"wp-block-separator\"\/>\n\n\n\n<h4 class=\"wp-block-heading\" id=\"resultados-experimentales\">Resultados Experimentales<\/h4>\n\n\n\n<p>Hay que tener en cuenta que cuando hablamos de estos datos,\u00a0hablamos de<strong>\u00a0correlaciones y no de relaciones causales.\u00a0<\/strong>De hecho muchos estudios no excluyen la posibilidad de que una baja autoestima pueda ser tambi\u00e9n considerada como una\u00a0<strong>consecuencia de los problemas a los que se asocia<\/strong>\u00a0(Mann et al., 2004).<\/p>\n\n\n\n<ul class=\"wp-block-list\"><li>Motivaci\u00f3n<\/li><\/ul>\n\n\n\n<p>Las personas con&nbsp;<strong>baja autoestima<\/strong>&nbsp;dirigen sus acciones a ocultar sus fallos o prevenir p\u00e9rdidas adicionales de autoestima (<strong>autoprotecci\u00f3n<\/strong>), mientras que las personas con&nbsp;<strong>alta autoestima<\/strong>&nbsp;est\u00e1n motivadas a presentarse a s\u00ed mismas de manera positiva y ensalzarse (<strong>autoensalzamiento<\/strong>) (Bausmeister, 1991).&nbsp;<em>Una persona con una autoestima pobre estar\u00e1 motivada por el miedo a fracasar, mientras una persona con autoestima positiva estar\u00e1 motivada por obtener un \u00e9xito.&nbsp;<\/em><\/p>\n\n\n\n<ul class=\"wp-block-list\"><li>Protecci\u00f3n Contra el Estr\u00e9s y Enfermedades F\u00edsicas<\/li><\/ul>\n\n\n\n<p>Una&nbsp;<strong>autoestima positiva<\/strong>&nbsp;protege contra el&nbsp;<strong>estr\u00e9s y las enfermedades f\u00edsicas<\/strong>, salvaguardando a las personas del miedo y de la incertidumbre. Esto se refleja en la calidad de vida de las personas con enfermedades cr\u00f3nicas, en los niveles de supervivencia pos-operatorio y en el pron\u00f3stico funcional tras sufrir un ictus, entre otros (Mann et al., 2004).<\/p>\n\n\n\n<ul class=\"wp-block-list\"><li>Selecci\u00f3n de Objetivos<\/li><\/ul>\n\n\n\n<p>Las personas con<strong>&nbsp;autoestima&nbsp;<\/strong><strong>positiva&nbsp;<\/strong><strong>ajustan sus objetivos de una manera m\u00e1s precisa a sus habilidades y capacidades<\/strong>, se centran m\u00e1s en sus puntos fuertes y optimizan sus resultados. Las personas con baja autoestima, al dudar sobre sus capacidades y habilidades, tienden a seleccionar peor sus objetivos (University if Washington, 2013).<\/p>\n\n\n\n<ul class=\"wp-block-list\"><li>Persistencia<\/li><\/ul>\n\n\n\n<p>Tras la experiencia de fracaso, las personas con&nbsp;<strong>baja autoestima empeoran su rendimiento<\/strong>. Esto sucede por dos razones. En primer lugar porque se preocupan y&nbsp;<strong>centran su atenci\u00f3n en ellas mismas<\/strong>, en vez de en la tarea asignada. La segunda raz\u00f3n es que son&nbsp;<strong>menos persistentes<\/strong>, su motivaci\u00f3n disminuye ante la posibilidad de volver &nbsp;fracasar y abandonan antes (University of Washington, 2013).<\/p>\n\n\n\n<ul class=\"wp-block-list\"><li>Perfiles de Iniciativa<\/li><\/ul>\n\n\n\n<p>La conducta de las personas con un perfil de&nbsp;<strong>baja autoestima suele ser conservadora<\/strong>. Rechazan arriesgarse, principalmente para&nbsp;evitar el da\u00f1o psicol\u00f3gico producido por tomar una mala decisi\u00f3n (Josephs, Larrick, Steele y Nisbett,1992). Por eso este grupo de personas buscan<strong>&nbsp;estrategias m\u00e1s seguras,&nbsp;<\/strong>aunque potencialmente sean<strong>&nbsp;menos beneficiosas<\/strong>.<\/p>\n\n\n\n<ul class=\"wp-block-list\"><li>Influencias Externas<\/li><\/ul>\n\n\n\n<p>Las personas con&nbsp;<strong>una autoestima pobre presentan<\/strong>&nbsp;<strong>m\u00e1s probabilidad de cambiar de opini\u00f3n&nbsp;<\/strong>si alguien intenta disuadirles (Janis, 1954). Se adaptan al grupo y a menudo no se atreven a llevar la contraria por miedo a equivocarse. Son&nbsp;<strong>m\u00e1s propensos a escuchar consejos, pedir opini\u00f3n y a ser flexibles en sus juicios,&nbsp;<\/strong>lo que puede resultar beneficioso, pero denota una<strong>&nbsp;falta de seguridad&nbsp;<\/strong>en sus propios criterios.<\/p>\n\n\n\n<ul class=\"wp-block-list\"><li>Autoboicot<\/li><\/ul>\n\n\n\n<p>Es frecuente que las personas con&nbsp;<strong>baja autoestima pongan<\/strong>&nbsp;<strong>impedimentos o barreras ante sus propias metas<\/strong>, como una estrategia de protecci\u00f3n, ya que esto les permite&nbsp;<strong>preservar una imagen de competencia<\/strong>&nbsp;(Tice, 1991).&nbsp;<em>Por ejemplo, ante un examen dif\u00edcil un alumno puede elegir no estudiar, lo que no pondr\u00eda en riesgo su integridad porque el suspenso suceder\u00eda por la falta de estudio y no por la falta de inteligencia o capacidad.<\/em><\/p>\n\n\n\n<p>*No hay que olvidar que las personas con\u00a0<strong>una autoestima inflada tambi\u00e9n ponen barreras\u00a0<\/strong>ante sus propias metas, aunque su raz\u00f3n es diferente; a causa de su\u00a0<strong>sobre-confianza<\/strong>\u00a0y pensamiento inflado,\u00a0<strong>no afrontan la situaci\u00f3n con la estrategia adecuada<\/strong>.\u00a0<em>Continuando con el ejemplo de arriba, en este caso el alumno elegir\u00eda no estudiar o estudiar muy poco pensando que aprobar\u00e1 sin dificultad.<\/em><\/p>\n\n\n\n<ul class=\"wp-block-list\"><li>Asertividad<\/li><\/ul>\n\n\n\n<p>La asertividad es una habilidad que se refiere a la comunicaci\u00f3n. Ser asertivo implica que uno es&nbsp;<strong>conocedor de sus derechos<\/strong>&nbsp;y que es capaz de&nbsp;<strong>defenderlos sin transgredir<\/strong>&nbsp;ni amenazar los de los dem\u00e1s&nbsp;<strong>ni permitir de manera sumisa<\/strong>&nbsp;que otros ignoren o pongan en duda su opini\u00f3n. En este \u00e1mbito, no son pocos los estudios que correlacionan una autoestima positiva con la asertividad (Castayer, 1999).<\/p>\n\n\n\n<p>En resumen, los resultados de la investigaci\u00f3n muestran los beneficios de una autoestima positiva, asociada al <strong>bienestar<\/strong> y al <strong>ajuste social<\/strong> de las personas entre otros. Tambi\u00e9n observamos que una baja autoestima se vincula a determinados perjuicios. Y es que parece que las creencias y evaluaciones que las personas tienen de s\u00ed mismas determinan qui\u00e9nes son, qu\u00e9 pueden hacer y en qu\u00e9 se pueden convertir.<\/p>\n\n\n\n<p><a href=\"#menu-autoestima\">Volver<\/a><\/p>\n\n\n\n<hr class=\"wp-block-separator\"\/>\n\n\n\n<h4 class=\"wp-block-heading\" id=\"pensamientos-emociones-conductas-baja\">Pensamientos, Emociones y Conductas Habituales de Alguien con Baja Autoestima<\/h4>\n\n\n\n<p>Aqu\u00ed hay algunos ejemplos comunes; por supuesto todas las personas son diferentes y no definen a todos los individuos.<\/p>\n\n\n\n<ul class=\"wp-block-list\"><li>Tiene dificultades en identificar sus cualidades positivas y las que s\u00ed reconoce a menudo son infravaloradas y minimizadas<\/li><li>Piensa que no va a ser capaz de conseguir sus metas o que para ello necesitar\u00e1 ayuda<\/li><li>Tiende a compararse<\/li><li>Independientemente de sus logros, no est\u00e1 del todo satisfecho consigo mismo<\/li><li>Se eval\u00faa frecuentemente y piensa que los dem\u00e1s tambi\u00e9n lo hacen<\/li><li>No se cree alguien especialmente interesante<\/li><li>Se siente culpable cuando falla o alguna cosa no sale como hab\u00eda planeado<\/li><li>Tiene miedo a fracasar y a menudo evita retos o los abandona con facilidad<\/li><li>Las cr\u00edticas le resultan dolorosas y le cuesta aceptarlas<\/li><li>Personaliza con frecuencia<\/li><li>Tiene miedo a equivocarse y es indeciso<\/li><li>Siente ansiedad<\/li><li>Experimenta cierto alivio ante el fracaso de los dem\u00e1s al sentir que no es el \u00fanico que puede fallar<\/li><li>Es influenciable<\/li><li>Cuando comete un error, se excusa repetidamente o intenta desplazar la responsabilidad<\/li><li>En algunos casos intenta compensar su falta de autoestima enfatizando alguna faceta en la que se siente seguro<\/li><li>Busca la aprobaci\u00f3n externa<\/li><li>Le cuesta ser asertivo <\/li><\/ul>\n\n\n\n<p><a href=\"#menu-autoestima\">Volver<\/a><\/p>\n\n\n\n<hr class=\"wp-block-separator\"\/>\n\n\n\n<h4 class=\"wp-block-heading\" id=\"se-puede-aumentar\">\u00bfSe Puede Aumentar la Autoestima? \u00bfExiste un Tratamiento?<\/h4>\n\n\n\n<p>Es normal que la gente que tiene problemas de autoestima quiera cambiar este aspecto de su personalidad pero la autoestima es una caracter\u00edstica m\u00e1s o menos\u00a0<strong>estable y bastante resistente al cambio<\/strong>\u00a0(Swann, 1996). Sin embargo esto no quiere decir que no se pueda modificar. Adem\u00e1s, sea cual sea el nivel de autoestima,\u00a0podemos trabajar para que\u00a0est\u00e9 de nuestro lado y no en nuestra contra.<\/p>\n\n\n\n<p>Tras estudiar cada caso, el objetivo de la terapia ser\u00e1 desarrollar un programa con las distintas t\u00e9cnicas necesarias para abordar el problema de autoestima. Dentro de este espectro se utilizan t\u00e9cnicas como la\u00a0<strong><a href=\"https:\/\/ritashimano.com\/index.php\/pensamientos-y-creencias-irracionales\/\">modificaci\u00f3n de pensamientos y creencias irracionales<\/a>,\u00a0<a href=\"https:\/\/ritashimano.com\/index.php\/autoaceptacion\/\">la autoaceptaci\u00f3n a trav\u00e9s del mindfulness<\/a>,\u00a0<a href=\"https:\/\/ritashimano.com\/index.php\/habilidades-sociales\/\">el desarrollo de las habilidades sociales<\/a>, etc.<\/strong><\/p>\n\n\n\n<p>El objetivo de la intervenci\u00f3n es que el usuario defina y trabaje por alcanzar sus metas, comprenda sus emociones y se acepte como \u00fanico y genuino; que logre superar sus miedos e inseguridades sin recurrir a h\u00e1bitos autodestructivos y mejore sus relaciones con los dem\u00e1s y consigo mismo.<\/p>\n\n\n\n<p><a href=\"#menu-autoestima\">Volver<\/a><\/p>\n\n\n\n<hr class=\"wp-block-separator\"\/>\n\n\n\n<p>Referencias<\/p>\n\n\n\n<p>Barry, C. T., Frick, P. J., &amp; Killian, A. L. (2003). The relation of narcissism and self-esteem to conduct problems in children: A preliminary investigation.&nbsp;<em>Journal of Clinical Child and Adolescent Psychology<\/em>,&nbsp;<em>32<\/em>(1), 139-152.<\/p>\n\n\n\n<p>Baumeister, R. F. (Ed.). (2013).&nbsp;<em>Self-esteem: The puzzle of low self-regard<\/em>. Springer Science &amp; Business Media.<\/p>\n\n\n\n<p>Baumeister, R. F., Campbell, J. D., Krueger, J. I., Vohs, K. D. (2003). Does high self-esteem cause better performance, interpersonal success, happiness, or healthier lifestyles? Psychological Science, 4, 1-44.<\/p>\n\n\n\n<p>Brown, J. D., &amp; Dutton, K. A. (1995). The thrill of victory, the complexity of defeat: self-esteem and people\u2019s emotional reactions to success and failure.&nbsp;<em>Journal of personality and social psychology<\/em>,&nbsp;<em>68<\/em>(4), 712.<\/p>\n\n\n\n<p>Brown, J. D., &amp; Marshall, M. A. (2006). The three faces of self-esteem. In M. Kernis (Ed.), Self-esteem: Issues and answers (pp. 4-9). New York: Psychology Press.<\/p>\n\n\n\n<p>Baumeister, R. (1991).&nbsp;Self-Concept, Self-Esteem and Identity. In Derlega, V. J., Winstead, B. A., &amp; Jones, W. H.&nbsp;<em>Personality: Contemporary theory and research&nbsp;<\/em>(262).&nbsp; Nelson-Hall, Inc.<\/p>\n\n\n\n<p>Campbell, J.D. (1990). Self-esteem and clarity of the self-concept.&nbsp;<em>Journal of Personality and Social Psychology<\/em>, 59, 538-549.<\/p>\n\n\n\n<p>Castayer, O. (1999). La asertividad: Expresi\u00f3n de una autoestima sana. Bilbao: Descl\u00e8e de Brouwer.<\/p>\n\n\n\n<p>Emler, N. (2001).&nbsp;<em>Self-esteem: The cost and causes of low self-worth<\/em>. York, Inglaterra: York Publishing Services.<\/p>\n\n\n\n<p>Evans, D.R. (1997) Health promotion, wellness programs, quality of life and the marketing of psychology.&nbsp;<em>Canadian Psychology<\/em>&nbsp;,&nbsp;38,&nbsp;1\u201312.<\/p>\n\n\n\n<p>Janis, I.L. (1954). Personality correlates of susceptibility to persuasion.&nbsp;<em>Journal of Personality<\/em>, 22, 504-518.<\/p>\n\n\n\n<p>Josephs, R. A., Larrick, R. P., Steele, C. M., &amp; Nisbett, R. E. (1992). Protecting the self from the negative consequences of risky decisions. Journal of Personality and Social Psychology, 62, 26-37.<\/p>\n\n\n\n<p>Leary, M. R., &amp; Baumeister, R. F. (2000). The nature and function of self-esteem: Sociometer theory. In M. P. Zanna (Ed.), Advances in experimental social psychology (Vol. 32, pp. 1\u201362). New York, NY: Academic Press.<\/p>\n\n\n\n<p>Mann, M. M., Hosman, C. M., Schaalma, H. P., &amp; De Vries, N. K. (2004). Self-esteem in a broad-spectrum approach for mental health promotion.&nbsp;<em>Health education research<\/em>,&nbsp;<em>19<\/em>(4), 357-372.<\/p>\n\n\n\n<p>Orth U.; Robbins R.W. (2014). \u00abThe development of self-esteem\u00bb.&nbsp;<em>Current Directions in Psychological Science<\/em>.&nbsp;<strong>23<\/strong>&nbsp;(5): 381\u2013387.&nbsp;<a href=\"https:\/\/en.wikipedia.org\/wiki\/Digital_object_identifier\">doi<\/a>:<a href=\"https:\/\/doi.org\/10.1177%2F0963721414547414\">10.1177\/0963721414547414<\/a>.<\/p>\n\n\n\n<p>Pyszczynski, T., Greenberg, J., Solomon, S., Arndt, J., &amp; Schimel, J. (2004). Why do people need selfesteem? A theoretical and empirical review. Psychological Bulletin, 130, 435-468.<\/p>\n\n\n\n<p>Seligman, M. E. (1995). The optimistic child. Boston: Houghton Mifflin.<\/p>\n\n\n\n<p>Swann, W. B. (1996). Self-traps: The elusive quest for higher self-esteem. New York: Freeman<\/p>\n\n\n\n<p>Sowislo, J. F., &amp; Orth, U. (2013). Does low self-esteem predict depression and anxiety? A meta-analysis of longitudinal studies.<\/p>\n\n\n\n<p>Tice, D. M. (1991). Esteem protection or enhancement? Self-handicapping motives and attributions differ by trait self-esteem.&nbsp;<em>Journal of Personality and Social Psychology<\/em>, 60, 711-725.<\/p>\n\n\n\n<p>Taylor, S. and Brown, J. (1988) Illusions and well-being: a social psychological perspective on mental health.&nbsp;<em>Psychological Bulletin<\/em>,103.193\u2013210.<\/p>\n\n\n\n<p>University of Washington (2013). Chapter 8: Self-Esteem. Obtenido en&nbsp;<a href=\"http:\/\/faculty.washington.edu\/jdb\/452\/452_chapter_08.pdf\">http:\/\/faculty.washington.edu\/jdb\/452\/452_chapter_08.pdf<\/a><\/p>\n","protected":false},"excerpt":{"rendered":"<p>\u00abCONFIAR EN TI MISMO NO GARANTIZA EL \u00c9XITO, PERO NO HACERLO GARANTIZA EL FRACASO\u00bb \u2013 &nbsp;ALBERT BANDURA La enorme popularidad de la autoestima ha hecho &hellip; <\/p>\n","protected":false},"author":1,"featured_media":0,"parent":111,"menu_order":0,"comment_status":"closed","ping_status":"closed","template":"","meta":{"footnotes":""},"class_list":["post-113","page","type-page","status-publish","hentry","latest_post"],"_links":{"self":[{"href":"https:\/\/ritashimano.com\/index.php\/wp-json\/wp\/v2\/pages\/113","targetHints":{"allow":["GET"]}}],"collection":[{"href":"https:\/\/ritashimano.com\/index.php\/wp-json\/wp\/v2\/pages"}],"about":[{"href":"https:\/\/ritashimano.com\/index.php\/wp-json\/wp\/v2\/types\/page"}],"author":[{"embeddable":true,"href":"https:\/\/ritashimano.com\/index.php\/wp-json\/wp\/v2\/users\/1"}],"replies":[{"embeddable":true,"href":"https:\/\/ritashimano.com\/index.php\/wp-json\/wp\/v2\/comments?post=113"}],"version-history":[{"count":6,"href":"https:\/\/ritashimano.com\/index.php\/wp-json\/wp\/v2\/pages\/113\/revisions"}],"predecessor-version":[{"id":465,"href":"https:\/\/ritashimano.com\/index.php\/wp-json\/wp\/v2\/pages\/113\/revisions\/465"}],"up":[{"embeddable":true,"href":"https:\/\/ritashimano.com\/index.php\/wp-json\/wp\/v2\/pages\/111"}],"wp:attachment":[{"href":"https:\/\/ritashimano.com\/index.php\/wp-json\/wp\/v2\/media?parent=113"}],"curies":[{"name":"wp","href":"https:\/\/api.w.org\/{rel}","templated":true}]}}