{"id":111,"date":"2021-12-08T15:37:33","date_gmt":"2021-12-08T15:37:33","guid":{"rendered":"https:\/\/ritashimano.com\/?page_id=111"},"modified":"2021-12-28T18:00:35","modified_gmt":"2021-12-28T18:00:35","slug":"autoestima","status":"publish","type":"page","link":"https:\/\/ritashimano.com\/index.php\/areas-de-intervencion\/autoestima\/","title":{"rendered":"Autoestima"},"content":{"rendered":"\n<p>La mayor parte de las personas experimentamos malestar con nosotros mismos en alg\u00fan momento de la vida: muchas situaciones pueden provocar que sintamos nuestra val\u00eda personal amenazada. Sin embargo, la baja autoestima es una constante en la vida de muchas personas y&nbsp;<strong>no permite&nbsp;que hagan las cosas que en realidad desean, que persigan sus metas personales y profesionales o que se sientan valoradas<\/strong>.<\/p>\n\n\n\n<p>Al referirnos a la autoestima, generalmente&nbsp;nos referimos a la&nbsp;<strong>evaluaci\u00f3n que cada uno hace sobre s\u00ed mismo y los sentimientos que nos provoca ese juicio<\/strong>. Pero es importante saber que la autoestima es una valoraci\u00f3n subjetiva y que la gran mayor\u00eda de los estudios indican que las personas con alta autoestima&nbsp;<strong>no poseen m\u00e1s talento, no son m\u00e1s inteligentes, ni m\u00e1s atractivas, ni superiores en ning\u00fan aspecto<\/strong>&nbsp;a las personas con baja autoestima.<\/p>\n\n\n\n<p>A pesar de esto las personas con baja autoestima&nbsp;<strong>eval\u00faan peor<\/strong>&nbsp;sus capacidades y es frecuente que los sentimientos que tienen hacia s\u00ed mismas cambien dependiendo de la situaci\u00f3n: una baja autoestima no quiere decir que uno se sienta constantemente mal consigo mismo. Veamos algunos ejemplos:<\/p>\n\n\n\n<div class=\"wp-block-image\"><figure class=\"alignleft\"><img decoding=\"async\" src=\"https:\/\/proyectopsyche.files.wordpress.com\/2017\/07\/botella.jpg?w=226&amp;h=187\" alt=\"botella.jpg\" class=\"wp-image-809\"\/><\/figure><\/div>\n\n\n\n<p>Ante circunstancias complicadas (un trabajo demasiado exigente, relaciones personales da\u00f1inas, enfermedades o simplemente la sensaci\u00f3n de estar estancados, por ejemplo), cosas que antes parec\u00edan triviales, empiezan a&nbsp;<strong>influir<\/strong>&nbsp;en la persona y a causar sentimientos de&nbsp;<strong>vulnerabilidad<\/strong>. Se sacan conclusiones como \u201cno sirvo para nada\u201d, \u201ctodo me va mal\u201d, \u201cno merezco la pena\u201d, etc. En realidad, estas conclusiones son&nbsp;<strong>irracionales<\/strong>, pero que se&nbsp;<strong>piensan&nbsp;y se sienten <\/strong>como&nbsp;verdaderas, y adem\u00e1s tienen una importante repercusi\u00f3n en las&nbsp;<strong>emociones<\/strong>&nbsp;y en c\u00f3mo <strong>actuamos<\/strong>.<\/p>\n\n\n\n<p>El malestar puede llegar a ser tan intenso que a veces uno intenta mitigarlo a trav\u00e9s de&nbsp;<strong>estrategias perjudiciales<\/strong>: involucrarse en relaciones t\u00f3xicas, tener comportamientos agresivos, rumiar pensamientos, aislarse, rehuir responsabilidades, abusar de sustancias, etc.<\/p>\n\n\n\n<p>Sin embargo,&nbsp;<strong>existe soluci\u00f3n<\/strong>. Como no todas las personas con baja (o alta) autoestima son iguales es necesario&nbsp;<strong>conocerse&nbsp;y descubrir&nbsp;<\/strong>qu\u00e9 se ha de abordar para mejorar la calidad de vida,&nbsp;estar a gusto con uno mismo y reconocer el valor de&nbsp;<strong><strong><u>ser alguien \u00fanico<\/u><\/strong><\/strong>; algo esencial para llevar una vida feliz.<\/p>\n\n\n\n<p>Si quieres saber sobre la autoestima y su tratamiento, lee&nbsp;<a href=\"https:\/\/ritashimano.com\/index.php\/sobre-la-autoestima\/\">esta entrada<\/a>.<\/p>\n\n\n<p><\/p>\n\n\n<hr class=\"wp-block-separator\"\/>\n\n\n\n<p>Referencias<\/p>\n\n\n\n<p>Baumeister, R. (1993). Understanding the inner nature of low self-esteem: Uncertain, fragile, protective, and conflicted. In R. Baumeister (Ed.),&nbsp;<em>Self-esteem: The puzzle of low self-regard<\/em>&nbsp;(pp. 201\u2013218). New York: Plenum Press.<\/p>\n\n\n\n<p>Baumgardner, A. H. (1990). To know oneself is to like oneself: Self-certainty and self-affect.&nbsp;<em>Journal of Personality and Social Psychology<\/em>,&nbsp;<em>58<\/em>, 1062\u20131072.<\/p>\n\n\n\n<p>Greenier, K. D., Kernis, M. H., y Waschull, S. B. (1995). Not all high (or low) self-esteem people are the same. In&nbsp;<em>Efficacy, agency, and self-esteem<\/em>&nbsp;(pp. 51-71). Springer US.<\/p>\n\n\n\n<p>Leary, M. R., &amp; Baumeister, R. F. (2000). The nature and function of self-esteem: Sociometer theory. In M. P. Zanna (Ed.), Advances in experimental social psychology (Vol. 32, pp. 1\u201362). New York, NY: Academic Press.<\/p>\n","protected":false},"excerpt":{"rendered":"<p>La mayor parte de las personas experimentamos malestar con nosotros mismos en alg\u00fan momento de la vida: muchas situaciones pueden provocar que sintamos nuestra val\u00eda &hellip; <\/p>\n","protected":false},"author":1,"featured_media":864,"parent":299,"menu_order":0,"comment_status":"closed","ping_status":"closed","template":"","meta":{"footnotes":""},"class_list":["post-111","page","type-page","status-publish","has-post-thumbnail","hentry","latest_post"],"_links":{"self":[{"href":"https:\/\/ritashimano.com\/index.php\/wp-json\/wp\/v2\/pages\/111","targetHints":{"allow":["GET"]}}],"collection":[{"href":"https:\/\/ritashimano.com\/index.php\/wp-json\/wp\/v2\/pages"}],"about":[{"href":"https:\/\/ritashimano.com\/index.php\/wp-json\/wp\/v2\/types\/page"}],"author":[{"embeddable":true,"href":"https:\/\/ritashimano.com\/index.php\/wp-json\/wp\/v2\/users\/1"}],"replies":[{"embeddable":true,"href":"https:\/\/ritashimano.com\/index.php\/wp-json\/wp\/v2\/comments?post=111"}],"version-history":[{"count":9,"href":"https:\/\/ritashimano.com\/index.php\/wp-json\/wp\/v2\/pages\/111\/revisions"}],"predecessor-version":[{"id":861,"href":"https:\/\/ritashimano.com\/index.php\/wp-json\/wp\/v2\/pages\/111\/revisions\/861"}],"up":[{"embeddable":true,"href":"https:\/\/ritashimano.com\/index.php\/wp-json\/wp\/v2\/pages\/299"}],"wp:featuredmedia":[{"embeddable":true,"href":"https:\/\/ritashimano.com\/index.php\/wp-json\/wp\/v2\/media\/864"}],"wp:attachment":[{"href":"https:\/\/ritashimano.com\/index.php\/wp-json\/wp\/v2\/media?parent=111"}],"curies":[{"name":"wp","href":"https:\/\/api.w.org\/{rel}","templated":true}]}}