{"id":109,"date":"2021-12-08T15:15:53","date_gmt":"2021-12-08T15:15:53","guid":{"rendered":"https:\/\/ritashimano.com\/?page_id=109"},"modified":"2021-12-28T18:18:06","modified_gmt":"2021-12-28T18:18:06","slug":"ansiedad","status":"publish","type":"page","link":"https:\/\/ritashimano.com\/index.php\/areas-de-intervencion\/ansiedad\/","title":{"rendered":"Ansiedad"},"content":{"rendered":"\n<h3 class=\"wp-block-heading\">\u00bfQu\u00e9 es la Ansiedad?<\/h3>\n\n\n\n<p>La mayor\u00eda de las personas experimentamos estr\u00e9s y ansiedad. En general, el estr\u00e9s es una respuesta a una situaci\u00f3n que identificamos y reconocemos con claridad, como un conflicto familiar o alguna dificultad en el trabajo, y suele desaparecer o disminuir cuando la situaci\u00f3n se resuelve. <strong>Pero<\/strong> <strong>la<\/strong> <strong>ansiedad<\/strong>, al contrario que el estr\u00e9s, tiene un <strong>origen menos definido<\/strong> y adem\u00e1s, puede <strong>persistir<\/strong>.<\/p>\n\n\n\n<p>La ansiedad es la emoci\u00f3n que acompa\u00f1a a las preocupaciones o el miedo que aparecen cuando no sabemos qu\u00e9 va a pasar, es decir, cuando tenemos <strong>incertidumbre<\/strong> y <strong>anticipamos<\/strong> posibles problemas o cat\u00e1strofes. Es un estado emocional de <strong>tensi\u00f3n, nerviosismo y preocupaci\u00f3n<\/strong>, y en el que sufrimos cambios f\u00edsicos asociados a la <strong>activaci\u00f3n fisiol\u00f3gica<\/strong> (como el aumento del ritmo card\u00edaco, de la presi\u00f3n sangu\u00ednea, sudoraci\u00f3n, etc.).<\/p>\n\n\n\n<p>Pero es importante entender que la ansiedad es una respuesta <strong>com\u00fan y beneficiosa<\/strong>: se activa ante una amenaza (o posible amenaza) y nos indica que necesitamos poner en marcha un <strong>mecanismo de<\/strong> <strong>autoprotecci\u00f3n<\/strong> para garantizar nuestra <strong>seguridad<\/strong>. Tener ansiedad ante ciertas situaciones es parte de nuestra supervivencia; pensemos en la energ\u00eda que nos proporciona tener cierta ansiedad ante un examen o una entrevista, en una presentaci\u00f3n o incluso cuando volvemos a ver a alguien que nos atrae: si el nivel de ansiedad es el adecuado, nos ayudar\u00e1 a <strong>concentrarnos<\/strong> <strong>mejor<\/strong>, <strong>esforzarnos<\/strong> <strong>m\u00e1s<\/strong> <strong>y<\/strong> <strong>ser<\/strong> <strong>m\u00e1s<\/strong> <strong>eficientes<\/strong>.<\/p>\n\n\n\n<div style=\"height:9px\" aria-hidden=\"true\" class=\"wp-block-spacer\"><\/div>\n\n\n\n<h3 class=\"wp-block-heading\">\u00bfCu\u00e1ndo nos Perjudica la Ansiedad?<\/h3>\n\n\n\n<p>Ya sabemos que <strong>a veces la ansiedad puede llegar a ser da\u00f1ina<\/strong>. Uno de los primeros s\u00edntomas que nos lo indican suele ser la sensaci\u00f3n de <strong>\u00abno poder m\u00e1s\u00bb<\/strong>, de estar desbordados o de no dar m\u00e1s de nosotros mismos. Cuando nos sentimos as\u00ed, la ansiedad aumenta, porque empezamos a pensar que no podemos y que <strong>algo malo va a suceder, <\/strong>y miramos al futuro con <strong>miedo<\/strong> y preocupaci\u00f3n. Lejos de acabar aqu\u00ed, esto hace que las sensaciones de ansiedad sean a\u00fan m\u00e1s intensas y as\u00ed comienza un <strong>c\u00edrculo vicioso<\/strong> del que es dif\u00edcil escapar: cuanta m\u00e1s preocupaci\u00f3n, m\u00e1s ansiedad y cuanta m\u00e1s ansiedad, m\u00e1s preocupaci\u00f3n. <\/p>\n\n\n\n<p>A veces podemos sentir que muchas de las cosas que antes consider\u00e1bamos cotidianas, nos provocan ansiedad de manera <strong>desproporcionada<\/strong>, como si nos ahog\u00e1ramos constantemente y todo fuera \u00abla gota que colma el vaso\u00bb. En ocasiones, la ansiedad <strong>se llega a reflejar en nuestro cuerpo<\/strong> a trav\u00e9s de problemas digestivos o dolores, tensi\u00f3n, dificultades en las relaciones sexuales, etc. Adem\u00e1s, los s\u00edntomas no llegan a desaparecer o empeoran con el tiempo, pudiendo ser <strong>tan persistentes o de tal intensidad<\/strong> que hasta impiden o limitan nuestras actividades diarias, tanto de manera profesional y acad\u00e9mica, como personal.<\/p>\n\n\n\n<div style=\"height:9px\" aria-hidden=\"true\" class=\"wp-block-spacer\"><\/div>\n\n\n\n<h3 class=\"wp-block-heading\">\u00bfCu\u00e1les son los S\u00edntomas m\u00e1s Frecuentes?<\/h3>\n\n\n\n<p>Los s\u00edntomas m\u00e1s comunes relacionados con la ansiedad son los siguientes:<\/p>\n\n\n\n<ul class=\"wp-block-list\"><li>Inquietud y sensaci\u00f3n de <strong>estar \u00abal l\u00edmite\u00bb<\/strong><\/li><li>Sentimientos incontrolables de <strong>preocupaci\u00f3n<\/strong><\/li><li>Pensamientos<strong> intrusivos<\/strong> (pensamientos espont\u00e1neos e involuntarios que apetecen s\u00fabitamente y desv\u00edan la atenci\u00f3n)<\/li><li>Aumento de la <strong>irritabilidad<\/strong><\/li><li><strong>Falta de concentraci\u00f3n<\/strong><\/li><li><strong>Dificultades para dormir<\/strong><\/li><li>Sensaci\u00f3n de <strong>ahogo<\/strong><\/li><li><strong>Angustia<\/strong><\/li><li><strong>Evitaci\u00f3n<\/strong> de ciertas actividades<\/li><\/ul>\n\n\n\n<p>Aunque todos hemos podido experimentar estos s\u00edntomas de manera puntual, algunas personas los viven de forma <strong>continua<\/strong> o <strong>extrema<\/strong>. De hecho, no son pocas, ya que los trastornos de ansiedad son unos de los m\u00e1s frecuentes en la poblaci\u00f3n.<\/p>\n\n\n\n<div style=\"height:9px\" aria-hidden=\"true\" class=\"wp-block-spacer\"><\/div>\n\n\n\n<h3 class=\"wp-block-heading\">\u00bfCu\u00e1les son las Causas?<\/h3>\n\n\n\n<p>A pesar de que las causas todav\u00eda no son completamente conocidas, se sabe que existen <strong>factores gen\u00e9ticos, ambientales, f\u00edsicos y psicol\u00f3gicos que interact\u00faan <\/strong>y que son responsables de estas condiciones: aunque en muchas ocasiones el estr\u00e9s puede desencadenar un trastorno de ansiedad, su origen es mucho m\u00e1s complejo.<\/p>\n\n\n\n<div style=\"height:9px\" aria-hidden=\"true\" class=\"wp-block-spacer\"><\/div>\n\n\n\n<h3 class=\"wp-block-heading\"> \u00bfEn qu\u00e9 Consiste el Tratamiento?<\/h3>\n\n\n\n<p>El tratamiento para los problemas de ansiedad se basa en un <strong>diagn\u00f3stico y evaluaci\u00f3n correctos<\/strong>, que ayuden a <strong>determinar la naturaleza y caracter\u00edsticas de la ansiedad, de la persona que la sufre y de la situaci\u00f3n<\/strong>&nbsp;en que se encuentra. Es entonces cuando el psic\u00f3logo de acuerdo y junto al cliente define c\u00f3mo ir\u00e1 el tratamiento, con el objetivo de poder identificar y afrontar las situaciones conflictivas y conseguir que la ansiedad disminuya. Los cambios ayudar\u00e1n a que la persona se conozca mejor y desarrolle m\u00e1s <strong>seguridad y confianza en s\u00ed mismo<\/strong>, adem\u00e1s de comprobar que es <strong>capaz de enfrentarse a las situaciones que le generan ansiedad de manera eficaz<\/strong> y con las herramientas adecuadas en cada momento. <\/p>\n\n\n\n<div style=\"height:30px\" aria-hidden=\"true\" class=\"wp-block-spacer\"><\/div>\n\n\n\n<p>Referencias<\/p>\n\n\n\n<p>Bandelow, B., Michaelis, S., &amp; Wedekind, D. (2017). Treatment of anxiety disorders.&nbsp;<em>Dialogues in clinical neuroscience<\/em>,&nbsp;<em>19<\/em>(2), 93\u2013107. https:\/\/doi.org\/10.31887\/DCNS.2017.19.2\/bbandelow<\/p>\n\n\n\n<p>Evans, D. L., Foa, E. B., Gur, R. E., Hendin, H., O&#8217;Brien, C. P., Seligman, M. E., &amp; Walsh, B. T. (Eds.). (2005).&nbsp;<em>Treating and preventing adolescent mental health disorders: What we know and what we don&#8217;t know<\/em>. Oxford University Press.<\/p>\n\n\n\n<p>Feli\u00fa, M. T. (2014). Los Trastornos de Ansiedad en el DSM-5.&nbsp;<em>Cuadernos de medicina psicosom\u00e1tica y psiquiatria de enlace<\/em>, (110), 62-69.<\/p>\n\n\n\n<p>Spielberger, C. D., Sarason, I. G., Strelau, J., &amp; Brebner, J. M. (2014).&nbsp;<em>Stress and anxiety<\/em>. Taylor &amp; Francis.<\/p>\n\n\n\n<p>Tiller, J. W. (2013). Depression and anxiety.&nbsp;<em>The Medical Journal of Australia<\/em>,&nbsp;<em>199<\/em>(6), S28-S31.<\/p>\n\n\n\n<p>Tuma, A. H., &amp; Maser, J. D. (Eds.). (2019).&nbsp;<em>Anxiety and the anxiety disorders<\/em>. Routledge.<\/p>\n\n\n\n<p>Zeidner, M., &amp; Matthews, G. (2010).&nbsp;<em>Anxiety 101<\/em>. Springer Publishing Company.<\/p>\n","protected":false},"excerpt":{"rendered":"<p>\u00bfQu\u00e9 es la Ansiedad? La mayor\u00eda de las personas experimentamos estr\u00e9s y ansiedad. En general, el estr\u00e9s es una respuesta a una situaci\u00f3n que identificamos &hellip; <\/p>\n","protected":false},"author":1,"featured_media":876,"parent":299,"menu_order":0,"comment_status":"closed","ping_status":"closed","template":"","meta":{"footnotes":""},"class_list":["post-109","page","type-page","status-publish","has-post-thumbnail","hentry","latest_post"],"_links":{"self":[{"href":"https:\/\/ritashimano.com\/index.php\/wp-json\/wp\/v2\/pages\/109","targetHints":{"allow":["GET"]}}],"collection":[{"href":"https:\/\/ritashimano.com\/index.php\/wp-json\/wp\/v2\/pages"}],"about":[{"href":"https:\/\/ritashimano.com\/index.php\/wp-json\/wp\/v2\/types\/page"}],"author":[{"embeddable":true,"href":"https:\/\/ritashimano.com\/index.php\/wp-json\/wp\/v2\/users\/1"}],"replies":[{"embeddable":true,"href":"https:\/\/ritashimano.com\/index.php\/wp-json\/wp\/v2\/comments?post=109"}],"version-history":[{"count":16,"href":"https:\/\/ritashimano.com\/index.php\/wp-json\/wp\/v2\/pages\/109\/revisions"}],"predecessor-version":[{"id":958,"href":"https:\/\/ritashimano.com\/index.php\/wp-json\/wp\/v2\/pages\/109\/revisions\/958"}],"up":[{"embeddable":true,"href":"https:\/\/ritashimano.com\/index.php\/wp-json\/wp\/v2\/pages\/299"}],"wp:featuredmedia":[{"embeddable":true,"href":"https:\/\/ritashimano.com\/index.php\/wp-json\/wp\/v2\/media\/876"}],"wp:attachment":[{"href":"https:\/\/ritashimano.com\/index.php\/wp-json\/wp\/v2\/media?parent=109"}],"curies":[{"name":"wp","href":"https:\/\/api.w.org\/{rel}","templated":true}]}}