{"id":104,"date":"2021-12-08T15:11:56","date_gmt":"2021-12-08T15:11:56","guid":{"rendered":"https:\/\/ritashimano.com\/?page_id=104"},"modified":"2023-11-14T09:42:34","modified_gmt":"2023-11-14T09:42:34","slug":"depresion-2","status":"publish","type":"page","link":"https:\/\/ritashimano.com\/index.php\/areas-de-intervencion\/depresion-2\/","title":{"rendered":"Depresi\u00f3n"},"content":{"rendered":"\n<h3 class=\"wp-block-heading\">\u00bfQu\u00e9 es la Depresi\u00f3n?<\/h3>\n\n\n\n<p>Sentirse triste o deca\u00eddo es algo que todos podemos experimentar en alg\u00fan momento, de hecho es un cambio normal en el estado del \u00e1nimo que suele desaparece al poco tiempo. Sin embargo, cuando nos referimos a la depresi\u00f3n, en realidad hablamos de algo muy diferente: es m\u00e1s <strong>intensa<\/strong>, m\u00e1s <strong>duradera<\/strong> y se acompa\u00f1a de otros <strong>s\u00edntomas<\/strong> <strong>f\u00edsicos, som\u00e1ticos <\/strong>y <strong>psicol\u00f3gicos<\/strong>. Se trata de una condici\u00f3n que puede causar mucho sufrimiento y malestar a la persona que la experimenta, y puede alterar su vida por completo: profesional, acad\u00e9mica, familiar y socialmente. <\/p>\n\n\n\n<div style=\"height:9px\" aria-hidden=\"true\" class=\"wp-block-spacer\"><\/div>\n\n\n\n<h3 class=\"wp-block-heading\">\u00bfCu\u00e1les son sus S\u00edntomas?<\/h3>\n\n\n\n<p>El s\u00edntoma principal de la depresi\u00f3n es la <strong>tristeza<\/strong>. Las personas deprimidas est\u00e1n abatidas, con la sensaci\u00f3n de <strong>no ser ellas mismas<\/strong>, valor\u00e1ndose a menudo (y de manera injusta) como in\u00fatiles, vac\u00edas, culpables, poco importantes, etc. A veces atribuyen este estado a alg\u00fan suceso, pero otras, ni siquiera saben por qu\u00e9 se encuentran as\u00ed. En algunos casos graves se pueden sentir emocionalmente <strong>embotados<\/strong>, o verse incapaces<strong> sentir placer o satisfacci\u00f3n en ninguna o casi ninguna de las actividades que antes disfrutaban, adem\u00e1s de sentir de modo m\u00e1s agudo el dolor psicol\u00f3gico<\/strong>: a penas experimentan ciertas emociones positivas, pero las negativas las viven con mucha m\u00e1s intensidad.<\/p>\n\n\n\n<p>Una de las primeras cosas que se perciben, es la<strong> p\u00e9rdida de eficacia<\/strong> en su vida profesional o acad\u00e9mica, algo de lo que se responsabilizan sin llegar a comprender que se trata del trastorno. Como cada vez la incapacidad es mayor, los sentimientos de <strong>culpa e incompetencia<\/strong> se acrecentan, a veces hasta convertirse en un torrente continuo de <strong>autorreproches e ideas negativas sobre uno mismo<\/strong>, con una <strong>perspectiva de futuro negativa<\/strong>. Tambi\u00e9n se producen pensamientos sobre la muerte y suicidas, lo que implica un <strong>muy grave riesgo<\/strong>. \u00a0<\/p>\n\n\n\n<p>Pero adem\u00e1s de estos s\u00edntomas, las personas con depresi\u00f3n tambi\u00e9n experimentan otros tantos a nivel cognitivo (<strong>falta de concentraci\u00f3n, memoria, atenci\u00f3n, incapacidad para tomar decisiones<\/strong>), a nivel f\u00edsico (<strong>alteraciones en el peso, s\u00edntomas som\u00e1ticos \u2013 fatiga, problemas digestivos e intestinales, dolores musculares y articulares, etc. \u2013 disfunciones sexuales, trastornos del sue\u00f1o, etc.<\/strong>) y a nivel de conducta (<strong>p\u00e9rdida de inter\u00e9s por actividades, por el cuidado personal, agitaci\u00f3n, lentitud al hablar, etc.<\/strong>).<\/p>\n\n\n\n<div style=\"height:9px\" aria-hidden=\"true\" class=\"wp-block-spacer\"><\/div>\n\n\n\n<h3 class=\"wp-block-heading\">\u00bfA Qui\u00e9nes Afecta?<\/h3>\n\n\n\n<p>Seg\u00fan la Organizaci\u00f3n Mundial de la Salud (OMS), a nivel mundial se estima que aproximadamente <strong>280 millones de personas tienen depresi\u00f3n<\/strong>, por lo que se considera una enfermedad frecuente. Adem\u00e1s, se puede dar <strong>en todo tipo de personas<\/strong>, independientemente de su edad o g\u00e9nero. Sin embargo, <strong>afecta de manera muy distinta a cada uno<\/strong>. Por ejemplo, un ni\u00f1o deprimido puede mostrarse excesivamente irritable o negarse a ir al colegio, puede estar muy apegado a sus padres y temer por su salud, mientras que para un adolescente los s\u00edntomas de la depresi\u00f3n pueden incluir el sentirse profundamente incomprendido, el consumo de sustancias, o dormir y comer excesivamente entre otros.<\/p>\n\n\n\n<div style=\"height:9px\" aria-hidden=\"true\" class=\"wp-block-spacer\"><\/div>\n\n\n\n<h3 class=\"wp-block-heading\"> \u00bfCu\u00e1les son sus Causas? <\/h3>\n\n\n\n<p>El origen de la depresi\u00f3n es complejo y est\u00e1 relacionado con la interacci\u00f3n de muchos factores, como la vulnerabilidad gen\u00e9tica, una autoestima baja, vivir ciertos acontecimientos que suponen mucho estr\u00e9s, el consumo de determinadas sustancias o medicamentos, problemas m\u00e9dicos, etc. Igualmente, existen una variedad de factores que tambi\u00e9n la mantienen en el tiempo.<\/p>\n\n\n\n<div style=\"height:9px\" aria-hidden=\"true\" class=\"wp-block-spacer\"><\/div>\n\n\n\n<h3 class=\"wp-block-heading\">\u00bfExiste Tratamiento?<\/h3>\n\n\n\n<p>La depresi\u00f3n, independientemente de su severidad, <strong>tiene tratamiento<\/strong>. Al ser un trastorno muy complejo, el tratamiento debe <strong>abordar diferentes dimensiones y dificultades<\/strong> (emocionales, fisiol\u00f3gicas, cognitivas y de conducta), para que el cliente recupere su <strong>autoestima, su capacidad, sea capaz de disfrutar de las actividades que realiza, y vuelva a tener metas de futuro<\/strong>; en definitiva, que recupere su vida. A trav\u00e9s de las intervenciones adecuadas, la depresi\u00f3n <strong>se puede tratar de manera eficaz<\/strong>, pero sin \u00e9l, puede agravarse y empeorar, por lo que es muy recomendable ponerse en manos de un experto.<\/p>\n\n\n\n<div style=\"height:30px\" aria-hidden=\"true\" class=\"wp-block-spacer\"><\/div>\n\n\n\n<p>Referencias<\/p>\n\n\n\n<p>Espada, J. P., Orgil\u00e9s, M., M\u00e9ndez, X., &amp; Morales, A. Problemas relacionados con la regulaci\u00f3n emocional: Depresi\u00f3n y problemas de ansiedad.&nbsp;<em>Francisco Santolaya Ochando Presidente Consejo General de la Psicolog\u00eda de Espa\u00f1a<\/em>, 18.<\/p>\n\n\n\n<p>Fava, M., \u00d8stergaard, S. D., &amp; Cassano, P. (2018). <em>Trastornos del estado de \u00e1nimo: trastornos depresivos (trastorno de depresi\u00f3n mayor).<\/em> En tratado de psiquiatr\u00eda cl\u00ednica Massachusetts General Hospital 2017\/2018.<\/p>\n\n\n\n<p>M\u00e9ndez, F.X., Espada, J.P., &amp; Orgil\u00e9s, M. (2011). <em>Depresi\u00f3n infantil y adolescente: psicopatolog\u00eda, evaluaci\u00f3n y tratamiento psicol\u00f3gico.<\/em> Editorial Klinik.<\/p>\n\n\n\n<p>Portellano, J.A. (1999). <em>Psicopatolog\u00eda de la depresi\u00f3n<\/em>. Editorial Klinik.<\/p>\n\n\n\n<p><\/p>\n","protected":false},"excerpt":{"rendered":"<p>\u00bfQu\u00e9 es la Depresi\u00f3n? Sentirse triste o deca\u00eddo es algo que todos podemos experimentar en alg\u00fan momento, de hecho es un cambio normal en el &hellip; <\/p>\n","protected":false},"author":1,"featured_media":878,"parent":299,"menu_order":0,"comment_status":"closed","ping_status":"closed","template":"","meta":{"footnotes":""},"class_list":["post-104","page","type-page","status-publish","has-post-thumbnail","hentry","latest_post"],"_links":{"self":[{"href":"https:\/\/ritashimano.com\/index.php\/wp-json\/wp\/v2\/pages\/104","targetHints":{"allow":["GET"]}}],"collection":[{"href":"https:\/\/ritashimano.com\/index.php\/wp-json\/wp\/v2\/pages"}],"about":[{"href":"https:\/\/ritashimano.com\/index.php\/wp-json\/wp\/v2\/types\/page"}],"author":[{"embeddable":true,"href":"https:\/\/ritashimano.com\/index.php\/wp-json\/wp\/v2\/users\/1"}],"replies":[{"embeddable":true,"href":"https:\/\/ritashimano.com\/index.php\/wp-json\/wp\/v2\/comments?post=104"}],"version-history":[{"count":15,"href":"https:\/\/ritashimano.com\/index.php\/wp-json\/wp\/v2\/pages\/104\/revisions"}],"predecessor-version":[{"id":1000,"href":"https:\/\/ritashimano.com\/index.php\/wp-json\/wp\/v2\/pages\/104\/revisions\/1000"}],"up":[{"embeddable":true,"href":"https:\/\/ritashimano.com\/index.php\/wp-json\/wp\/v2\/pages\/299"}],"wp:featuredmedia":[{"embeddable":true,"href":"https:\/\/ritashimano.com\/index.php\/wp-json\/wp\/v2\/media\/878"}],"wp:attachment":[{"href":"https:\/\/ritashimano.com\/index.php\/wp-json\/wp\/v2\/media?parent=104"}],"curies":[{"name":"wp","href":"https:\/\/api.w.org\/{rel}","templated":true}]}}